{"id":10,"date":"2025-06-16T12:19:21","date_gmt":"2025-06-16T10:19:21","guid":{"rendered":"https:\/\/www.control-messe.de\/control-expertdays\/?page_id=10"},"modified":"2026-04-14T11:08:16","modified_gmt":"2026-04-14T09:08:16","slug":"qa-expert-days","status":"publish","type":"page","link":"https:\/\/www.control-messe.de\/control-expertdays\/","title":{"rendered":"Control-Expert Days"},"content":{"rendered":"<div class=\"wpb-content-wrapper\"><p>[vc_row row_height_percent=&#8220;0&#8243; override_padding=&#8220;yes&#8220; h_padding=&#8220;2&#8243; top_padding=&#8220;2&#8243; bottom_padding=&#8220;2&#8243; overlay_alpha=&#8220;50&#8243; gutter_size=&#8220;4&#8243; column_width_percent=&#8220;100&#8243; shift_y=&#8220;0&#8243; z_index=&#8220;0&#8243; uncode_shortcode_id=&#8220;134676&#8243; css=&#8220;.vc_custom_1657780159071{margin-top: 12px !important;}&#8220;][vc_column column_width_percent=&#8220;100&#8243; gutter_size=&#8220;1&#8243; overlay_alpha=&#8220;50&#8243; shift_x=&#8220;0&#8243; shift_y=&#8220;0&#8243; shift_y_down=&#8220;0&#8243; z_index=&#8220;0&#8243; medium_width=&#8220;0&#8243; mobile_width=&#8220;0&#8243; width=&#8220;7\/12&#8243; uncode_shortcode_id=&#8220;162261&#8243;][vc_custom_heading heading_semantic=&#8220;h1&#8243; text_size=&#8220;h1&#8243; uncode_shortcode_id=&#8220;244174&#8243;]Control-Expert Days <span class=\"detailblue\">|<\/span> 20. und 21. Mai 2026 <span class=\"detailblue\">|<\/span> Messe Stuttgart[\/vc_custom_heading][vc_custom_heading text_size=&#8220;h3&#8243; text_weight=&#8220;400&#8243; uncode_shortcode_id=&#8220;168520&#8243; el_class=&#8220;mato6&#8243;]Die industrielle Qualit\u00e4tssicherung befindet sich in einem kontinuierlichen, dynamischen Transformationsprozess. Digitalisierung, Automatisierung und sich stetig wandelnde Standards definieren laufend neue Anforderungen und Prozesse. Die Control-Expert Days 2026 bieten als zweit\u00e4gige Fachveranstaltung mit innovativer Ausstellung und Experten-Vortr\u00e4gen die ideale Erg\u00e4nzung zur Weltleitmesse Control 2027.[\/vc_custom_heading][vc_button button_color=&#8220;accent&#8220; outline=&#8220;yes&#8220; border_width=&#8220;0&#8243; display=&#8220;inline&#8220; link=&#8220;url:%2Fcontrol-expertdays%2Ffuer-aussteller%2Fausstellerinformationen%2F|title:Ausstellerinformationen&#8220; uncode_shortcode_id=&#8220;481993&#8243; button_color_type=&#8220;uncode-palette&#8220; el_class=&#8220;btn-mobile-fullwidth aussteller&#8220;]Ausstellerinformationen[\/vc_button][vc_button button_color=&#8220;color-819099&#8243; outline=&#8220;yes&#8220; border_width=&#8220;0&#8243; display=&#8220;inline&#8220; link=&#8220;url:%2Fcontrol-expertdays%2Ffuer-besucher%2F|title:f%C3%BCr%20Besucher&#8220; uncode_shortcode_id=&#8220;176575&#8243; button_color_type=&#8220;uncode-palette&#8220; el_class=&#8220;btn-mobile-fullwidth besucher&#8220;]Besucherinformationen[\/vc_button][vc_empty_space empty_h=&#8220;2&#8243;][vc_row_inner row_inner_height_percent=&#8220;0&#8243; overlay_alpha=&#8220;50&#8243; gutter_size=&#8220;2&#8243; shift_y=&#8220;0&#8243; z_index=&#8220;0&#8243; uncode_shortcode_id=&#8220;633906&#8243; el_class=&#8220;hide&#8220;][vc_column_inner column_width_percent=&#8220;75&#8243; gutter_size=&#8220;0&#8243; overlay_alpha=&#8220;50&#8243; shift_x=&#8220;0&#8243; shift_y=&#8220;0&#8243; shift_y_down=&#8220;0&#8243; z_index=&#8220;0&#8243; medium_width=&#8220;0&#8243; align_mobile=&#8220;align_left_mobile&#8220; mobile_width=&#8220;0&#8243; width=&#8220;1\/1&#8243; uncode_shortcode_id=&#8220;557809&#8243; el_class=&#8220;partnermesse control-logo&#8220; link_to=&#8220;url:https%3A%2F%2Fwww.control-messe.de%2F|target:_blank&#8220;][vc_custom_heading heading_semantic=&#8220;h3&#8243; text_size=&#8220;h3&#8243; uncode_shortcode_id=&#8220;115033&#8243;]<span class=\"detailred\">38.<\/span> Control <span class=\"detailred\">|<\/span> 27. bis 30. April 2027 <span class=\"detailred\">|<\/span> Messe Stuttgart[\/vc_custom_heading][vc_custom_heading heading_semantic=&#8220;h4&#8243; text_size=&#8220;h4&#8243; text_weight=&#8220;400&#8243; uncode_shortcode_id=&#8220;109344&#8243;]Fachmesse f\u00fcr Qualit\u00e4tssicherung[\/vc_custom_heading][\/vc_column_inner][\/vc_row_inner][\/vc_column][vc_column column_width_percent=&#8220;100&#8243; align_horizontal=&#8220;align_right&#8220; gutter_size=&#8220;0&#8243; overlay_alpha=&#8220;50&#8243; shift_x=&#8220;0&#8243; shift_y=&#8220;0&#8243; shift_y_down=&#8220;0&#8243; z_index=&#8220;0&#8243; medium_width=&#8220;0&#8243; align_mobile=&#8220;align_left_mobile&#8220; mobile_width=&#8220;0&#8243; width=&#8220;5\/12&#8243; uncode_shortcode_id=&#8220;387460&#8243;][vc_single_image media=&#8220;323&#8243; media_width_percent=&#8220;100&#8243; uncode_shortcode_id=&#8220;348290&#8243;][\/vc_column][\/vc_row][vc_row row_height_percent=&#8220;0&#8243; overlay_alpha=&#8220;50&#8243; gutter_size=&#8220;3&#8243; column_width_percent=&#8220;100&#8243; shift_y=&#8220;0&#8243; z_index=&#8220;0&#8243; uncode_shortcode_id=&#8220;740982&#8243;][vc_column column_width_percent=&#8220;100&#8243; gutter_size=&#8220;2&#8243; overlay_alpha=&#8220;50&#8243; shift_x=&#8220;0&#8243; shift_y=&#8220;0&#8243; shift_y_down=&#8220;0&#8243; z_index=&#8220;0&#8243; medium_width=&#8220;0&#8243; mobile_width=&#8220;0&#8243; width=&#8220;1\/1&#8243; uncode_shortcode_id=&#8220;747176&#8243;][vc_custom_heading uncode_shortcode_id=&#8220;185858&#8243;]Aktuelle Themen zur Qualit\u00e4tssicherung[\/vc_custom_heading][uncode_index el_id=&#8220;index-210227&#8243; index_type=&#8220;carousel&#8220; loop=&#8220;size:16|order_by:date|order:DESC|post_type:specials|categories:-4|taxonomy_count:10&#8243; carousel_lg=&#8220;3&#8243; carousel_md=&#8220;3&#8243; carousel_sm=&#8220;1&#8243; thumb_size=&#8220;twentyone-nine&#8220; gutter_size=&#8220;3&#8243; specials_items=&#8220;media|featured|onpost|original,date,title,text|excerpt|150,link|link|default_size|scale_mobile|default_width|default_outline|Mehr erfahren&#8220; carousel_height=&#8220;equal&#8220; carousel_interval=&#8220;0&#8243; carousel_navspeed=&#8220;400&#8243; carousel_overflow=&#8220;yes&#8220; carousel_dots=&#8220;yes&#8220; carousel_dot_position=&#8220;left&#8220; carousel_width_percent=&#8220;100&#8243; stage_padding=&#8220;0&#8243; single_back_color=&#8220;color-xsdn&#8220; single_overlay_opacity=&#8220;50&#8243; single_overlay_anim=&#8220;no&#8220; single_text_anim=&#8220;no&#8220; single_padding=&#8220;1&#8243; single_text_reduced=&#8220;yes&#8220; single_title_dimension=&#8220;h4&#8243; single_shadow=&#8220;yes&#8220; single_border=&#8220;yes&#8220; uncode_shortcode_id=&#8220;154743&#8243; el_class=&#8220;news-posts-row&#8220;][vc_row_inner row_inner_height_percent=&#8220;0&#8243; overlay_alpha=&#8220;50&#8243; gutter_size=&#8220;3&#8243; shift_y=&#8220;-1&#8243; z_index=&#8220;0&#8243; uncode_shortcode_id=&#8220;185260&#8243;][vc_column_inner column_width_percent=&#8220;100&#8243; align_horizontal=&#8220;align_right&#8220; gutter_size=&#8220;3&#8243; overlay_alpha=&#8220;50&#8243; shift_x=&#8220;0&#8243; shift_y=&#8220;0&#8243; shift_y_down=&#8220;0&#8243; z_index=&#8220;0&#8243; medium_width=&#8220;0&#8243; align_mobile=&#8220;align_left_mobile&#8220; mobile_width=&#8220;0&#8243; width=&#8220;1\/1&#8243; uncode_shortcode_id=&#8220;156180&#8243;][vc_button button_color=&#8220;color-819099&#8243; size=&#8220;btn-sm&#8220; outline=&#8220;yes&#8220; border_width=&#8220;0&#8243; icon_position=&#8220;right&#8220; display=&#8220;inline&#8220; scale_mobile=&#8220;no&#8220; button_color_type=&#8220;uncode-palette&#8220; icon=&#8220;fa fa-arrow-right2&#8243; uncode_shortcode_id=&#8220;572565&#8243; el_class=&#8220;btn-mobile-fullwidth&#8220; link=&#8220;url:%2Fcontrol-expertdays%2Fspecials%2F|title:Specials&#8220;]Mehr aktuelle Themen[\/vc_button][vc_button button_color=&#8220;color-819099&#8243; size=&#8220;btn-sm&#8220; outline=&#8220;yes&#8220; border_width=&#8220;0&#8243; display=&#8220;inline&#8220; scale_mobile=&#8220;no&#8220; button_color_type=&#8220;uncode-palette&#8220; uncode_shortcode_id=&#8220;194879&#8243; link=&#8220;url:%2Fcontrol-expertdays%2Fnews-stories%2F|title:News%20%26%20Stories&#8220; el_class=&#8220;btn-mobile-fullwidth news&#8220;]News &amp; Stories[\/vc_button][\/vc_column_inner][\/vc_row_inner][vc_empty_space empty_h=&#8220;2&#8243;][vc_custom_heading uncode_shortcode_id=&#8220;383613&#8243;]Control-Expert Days Specials[\/vc_custom_heading][uncode_index el_id=&#8220;index-2102235785e27&#8243; index_type=&#8220;carousel&#8220; loop=&#8220;size:All|order_by:date|order:DESC|post_type:specials|categories:4|taxonomy_count:10&#8243; carousel_lg=&#8220;5&#8243; carousel_md=&#8220;5&#8243; carousel_sm=&#8220;2&#8243; thumb_size=&#8220;twentyone-nine&#8220; gutter_size=&#8220;3&#8243; specials_items=&#8220;media|featured|onpost|original,title,link|link|default_size|scale_mobile|default_width|default_outline|Mehr erfahren&#8220; carousel_height=&#8220;equal&#8220; carousel_interval=&#8220;0&#8243; carousel_navspeed=&#8220;400&#8243; carousel_nav_mobile=&#8220;yes&#8220; stage_padding=&#8220;0&#8243; single_back_color=&#8220;color-xsdn&#8220; single_overlay_opacity=&#8220;50&#8243; single_overlay_anim=&#8220;no&#8220; single_text_anim=&#8220;no&#8220; single_padding=&#8220;1&#8243; single_text_reduced=&#8220;yes&#8220; single_title_dimension=&#8220;h4&#8243; single_shadow=&#8220;yes&#8220; single_border=&#8220;yes&#8220; uncode_shortcode_id=&#8220;868343&#8243; el_class=&#8220;special-posts-row&#8220;][\/vc_column][\/vc_row][vc_row row_height_percent=&#8220;0&#8243; override_padding=&#8220;yes&#8220; h_padding=&#8220;2&#8243; top_padding=&#8220;2&#8243; bottom_padding=&#8220;3&#8243; overlay_alpha=&#8220;50&#8243; gutter_size=&#8220;3&#8243; column_width_percent=&#8220;100&#8243; shift_y=&#8220;0&#8243; z_index=&#8220;0&#8243; uncode_shortcode_id=&#8220;937752&#8243;][vc_column column_width_percent=&#8220;100&#8243; gutter_size=&#8220;2&#8243; overlay_alpha=&#8220;50&#8243; shift_x=&#8220;0&#8243; shift_y=&#8220;0&#8243; shift_y_down=&#8220;0&#8243; z_index=&#8220;0&#8243; medium_width=&#8220;0&#8243; mobile_width=&#8220;0&#8243; width=&#8220;1\/1&#8243; uncode_shortcode_id=&#8220;157282&#8243;][vc_custom_heading uncode_shortcode_id=&#8220;188486&#8243;]Messe-Partner[\/vc_custom_heading][vc_gallery el_id=&#8220;gallery-378161&#8243; type=&#8220;css_grid&#8220; medias=&#8220;674,938&#8243; grid_items=&#8220;5&#8243; screen_lg_items=&#8220;3&#8243; screen_lg_breakpoint=&#8220;1000&#8243; screen_md_items=&#8220;2&#8243; screen_md_breakpoint=&#8220;600&#8243; screen_sm_items=&#8220;2&#8243; screen_sm_breakpoint=&#8220;480&#8243; gutter_size=&#8220;3&#8243; media_items=&#8220;media|custom_link|original&#8220; single_text=&#8220;under&#8220; single_back_color=&#8220;color-xsdn&#8220; single_overlay_opacity=&#8220;50&#8243; single_overlay_anim=&#8220;no&#8220; single_text_anim=&#8220;no&#8220; single_image_coloration=&#8220;desaturated&#8220; single_image_color_anim=&#8220;yes&#8220; single_image_anim=&#8220;no&#8220; single_padding=&#8220;1&#8243; single_title_semantic=&#8220;p&#8220; single_title_dimension=&#8220;h4&#8243; single_border=&#8220;yes&#8220; lbox_transparency=&#8220;opaque&#8220; uncode_shortcode_id=&#8220;140966&#8243; items=&#8220;eyI4MzhfaSI6eyJzaW5nbGVfbGluayI6InVybDpodHRwcyUzQSUyRiUyRnd3dy5tYXNjaGluZW5tYXJrdC52b2dlbC5kZXx0YXJnZXQ6X2JsYW5rIn0sIjg0MF9pIjp7InNpbmdsZV9saW5rIjoidXJsOmh0dHBzJTNBJTJGJTJGd3d3LnZkaS5kZSUyRnx0YXJnZXQ6X2JsYW5rIn0sIjgzOV9pIjp7InNpbmdsZV9saW5rIjoidXJsOmh0dHAlM0ElMkYlMkZ3d3cuc2ljaGVyaGVpdHVuZGF1dG9tYXRpb24uZGUlMkZ8dGFyZ2V0Ol9ibGFuayJ9LCI4NDFfaSI6eyJzaW5nbGVfbGluayI6InVybDpodHRwJTNBJTJGJTJGd3d3LnhwZXJ0Z2F0ZS5kZSUyRnx0YXJnZXQ6X2JsYW5rIn0sIjgzN19pIjp7InNpbmdsZV9saW5rIjoidXJsOmh0dHAlM0ElMkYlMkZ3d3cuaW5kdXN0cmlhbC1wcm9kdWN0aW9uLmRlJTJGfHRhcmdldDpfYmxhbmsifSwiODQ2X2kiOnsic2luZ2xlX2xpbmsiOiJ1cmw6aHR0cHMlM0ElMkYlMkZ3d3cuaW5kdXN0cmlhbC1wcm9kdWN0aW9uLmRlJTJGfHRhcmdldDpfYmxhbmsifSwiODUwX2kiOnsic2luZ2xlX2xpbmsiOiJ1cmw6aHR0cHMlM0ElMkYlMkZ3d3cueHBlcnRnYXRlLmRlJTJGfHRhcmdldDpfYmxhbmsifSwiODQ4X2kiOnsic2luZ2xlX2xpbmsiOiJ1cmw6aHR0cHMlM0ElMkYlMkZ3d3cuc2ljaGVyaGVpdHVuZGF1dG9tYXRpb24uZGUlMkZ8dGFyZ2V0Ol9ibGFuayJ9LCI4NDlfaSI6eyJzaW5nbGVfbGluayI6InVybDpodHRwcyUzQSUyRiUyRnd3dy52ZGkuZGUlMkZ8dGFyZ2V0Ol9ibGFuayJ9LCI4NDdfaSI6eyJzaW5nbGVfbGluayI6InVybDpodHRwJTNBJTJGJTJGd3d3Lm1hc2NoaW5lbm1hcmt0LnZvZ2VsLmRlJTJGfHRhcmdldDpfYmxhbmsifSwiMjM4NV9pIjp7InNpbmdsZV9saW5rIjoidXJsOmh0dHBzJTNBJTJGJTJGd3d3LmVtdmEub3JnJTJGfHRhcmdldDpfYmxhbmsifSwiMjM5M19pIjp7InNpbmdsZV9saW5rIjoidXJsOmh0dHBzJTNBJTJGJTJGd3d3LnhwZXJ0Z2F0ZS5kZSUyRnx0YXJnZXQ6X2JsYW5rIn0sIjIzOTFfaSI6eyJzaW5nbGVfbGluayI6InVybDpodHRwcyUzQSUyRiUyRnd3dy5xZS1vbmxpbmUuZGUlMkZ8dGFyZ2V0Ol9ibGFuayJ9LCIyMzg3X2kiOnsic2luZ2xlX2xpbmsiOiJ1cmw6aHR0cHMlM0ElMkYlMkZ3d3cuaXBhLmZyYXVuaG9mZXIuZGUlMkZ8dGFyZ2V0Ol9ibGFuayJ9LCIyMzg5X2kiOnsic2luZ2xlX2xpbmsiOiJ1cmw6aHR0cHMlM0ElMkYlMkZ3d3cudmlzaW9uLmZyYXVuaG9mZXIuZGUlMkZ8dGFyZ2V0Ol9ibGFuayJ9LCI2NjlfaSI6eyJzaW5nbGVfbGluayI6InVybDpodHRwcyUzQSUyRiUyRnd3dy50ZWRvLXZlcmxhZy5kZSUyRnx0YXJnZXQ6X2JsYW5rIn0sIjkzOF9pIjp7InNpbmdsZV9saW5rIjoidXJsOmh0dHBzJTNBJTJGJTJGd3d3LnF6LW9ubGluZS5kZSUyRnx0YXJnZXQ6X2JsYW5rfHJlbDpub2ZvbGxvdyJ9LCI2NzRfaSI6eyJzaW5nbGVfbGluayI6InVybDpodHRwcyUzQSUyRiUyRmludmlzaW9uLW5ld3MuZGUlMkZ8dGFyZ2V0Ol9ibGFua3xyZWw6bm9mb2xsb3cifX0=&#8220;][\/vc_column][\/vc_row][vc_row][vc_column width=&#8220;1\/1&#8243;][uncode_block id=&#8220;239&#8243;][\/vc_column][\/vc_row]<\/p>\n<\/div>","protected":false},"excerpt":{"rendered":"<p>[vc_row row_height_percent=&#8220;0&#8243; override_padding=&#8220;yes&#8220; h_padding=&#8220;2&#8243; top_padding=&#8220;2&#8243; bottom_padding=&#8220;2&#8243; overlay_alpha=&#8220;50&#8243; gutter_size=&#8220;4&#8243; column_width_percent=&#8220;100&#8243; shift_y=&#8220;0&#8243; z_index=&#8220;0&#8243; uncode_shortcode_id=&#8220;134676&#8243; css=&#8220;.vc_custom_1657780159071{margin-top: 12px !important;}&#8220;][vc_column column_width_percent=&#8220;100&#8243; gutter_size=&#8220;1&#8243; overlay_alpha=&#8220;50&#8243; shift_x=&#8220;0&#8243; shift_y=&#8220;0&#8243; [&hellip;]<\/p>\n","protected":false},"author":1,"featured_media":0,"parent":0,"menu_order":0,"comment_status":"closed","ping_status":"closed","template":"","meta":{"footnotes":""},"class_list":["post-10","page","type-page","status-publish","hentry"],"_links":{"self":[{"href":"https:\/\/www.control-messe.de\/control-expertdays\/wp-json\/wp\/v2\/pages\/10","targetHints":{"allow":["GET"]}}],"collection":[{"href":"https:\/\/www.control-messe.de\/control-expertdays\/wp-json\/wp\/v2\/pages"}],"about":[{"href":"https:\/\/www.control-messe.de\/control-expertdays\/wp-json\/wp\/v2\/types\/page"}],"author":[{"embeddable":true,"href":"https:\/\/www.control-messe.de\/control-expertdays\/wp-json\/wp\/v2\/users\/1"}],"replies":[{"embeddable":true,"href":"https:\/\/www.control-messe.de\/control-expertdays\/wp-json\/wp\/v2\/comments?post=10"}],"version-history":[{"count":43,"href":"https:\/\/www.control-messe.de\/control-expertdays\/wp-json\/wp\/v2\/pages\/10\/revisions"}],"predecessor-version":[{"id":1114,"href":"https:\/\/www.control-messe.de\/control-expertdays\/wp-json\/wp\/v2\/pages\/10\/revisions\/1114"}],"wp:attachment":[{"href":"https:\/\/www.control-messe.de\/control-expertdays\/wp-json\/wp\/v2\/media?parent=10"}],"curies":[{"name":"wp","href":"https:\/\/api.w.org\/{rel}","templated":true}]}}