{"id":120,"date":"2025-06-17T22:30:47","date_gmt":"2025-06-17T20:30:47","guid":{"rendered":"https:\/\/www.control-messe.de\/control-expertdays\/?page_id=120"},"modified":"2026-01-15T07:36:29","modified_gmt":"2026-01-15T06:36:29","slug":"stand-anfrage","status":"publish","type":"page","link":"https:\/\/www.control-messe.de\/control-expertdays\/stand-anfrage\/","title":{"rendered":"Stand Anfrage"},"content":{"rendered":"<div class=\"wpb-content-wrapper\"><p>[vc_row row_height_percent=&#8220;0&#8243; override_padding=&#8220;yes&#8220; h_padding=&#8220;2&#8243; top_padding=&#8220;2&#8243; bottom_padding=&#8220;1&#8243; overlay_alpha=&#8220;50&#8243; gutter_size=&#8220;3&#8243; column_width_percent=&#8220;100&#8243; shift_y=&#8220;0&#8243; z_index=&#8220;0&#8243; uncode_shortcode_id=&#8220;589688&#8243;][vc_column column_width_use_pixel=&#8220;yes&#8220; gutter_size=&#8220;2&#8243; overlay_alpha=&#8220;50&#8243; shift_x=&#8220;0&#8243; shift_y=&#8220;0&#8243; shift_y_down=&#8220;0&#8243; z_index=&#8220;0&#8243; medium_width=&#8220;0&#8243; mobile_width=&#8220;0&#8243; width=&#8220;1\/1&#8243; uncode_shortcode_id=&#8220;138848&#8243; column_width_pixel=&#8220;840&#8243;][vc_custom_heading uncode_shortcode_id=&#8220;802069&#8243;]Anfrage f\u00fcr Ihre Standfl\u00e4che auf den Control-Expert Days 2026[\/vc_custom_heading][vc_column_text uncode_shortcode_id=&#8220;102965&#8243;]Senden Sie uns einfach Ihre Onlineanfrage mit Ihren Anforderungen zu. Der Messe-Projektleiter wird sich schnellstm\u00f6glich mit Ihnen in Verbindung setzen.[\/vc_column_text][\/vc_column][\/vc_row][vc_row row_height_percent=&#8220;0&#8243; overlay_alpha=&#8220;50&#8243; gutter_size=&#8220;3&#8243; column_width_percent=&#8220;100&#8243; shift_y=&#8220;0&#8243; z_index=&#8220;0&#8243; content_parallax=&#8220;0&#8243; uncode_shortcode_id=&#8220;136895&#8243; el_class=&#8220;hide&#8220;][vc_column column_width_percent=&#8220;100&#8243; gutter_size=&#8220;3&#8243; style=&#8220;dark&#8220; overlay_alpha=&#8220;50&#8243; shift_x=&#8220;0&#8243; shift_y=&#8220;0&#8243; shift_y_down=&#8220;0&#8243; z_index=&#8220;0&#8243; medium_width=&#8220;0&#8243; mobile_width=&#8220;0&#8243; width=&#8220;1\/1&#8243; uncode_shortcode_id=&#8220;206693&#8243;][vc_message message_color=&#8220;accent&#8220; uncode_shortcode_id=&#8220;174718&#8243; message_color_type=&#8220;uncode-palette&#8220;]<\/p>\n<h2>Die Seite wird im Moment \u00fcberarbeitet.<\/h2>\n<p>Wir sind bald wieder da![\/vc_message][\/vc_column][\/vc_row][vc_row row_height_percent=&#8220;0&#8243; override_padding=&#8220;yes&#8220; h_padding=&#8220;2&#8243; top_padding=&#8220;0&#8243; bottom_padding=&#8220;4&#8243; overlay_alpha=&#8220;50&#8243; gutter_size=&#8220;3&#8243; column_width_percent=&#8220;100&#8243; shift_y=&#8220;0&#8243; z_index=&#8220;0&#8243; content_parallax=&#8220;0&#8243; uncode_shortcode_id=&#8220;944546&#8243;][vc_column column_width_use_pixel=&#8220;yes&#8220; gutter_size=&#8220;3&#8243; overlay_alpha=&#8220;50&#8243; shift_x=&#8220;0&#8243; shift_y=&#8220;0&#8243; shift_y_down=&#8220;0&#8243; z_index=&#8220;0&#8243; medium_width=&#8220;0&#8243; mobile_width=&#8220;0&#8243; width=&#8220;1\/1&#8243; uncode_shortcode_id=&#8220;316524&#8243; column_width_pixel=&#8220;840&#8243;]<div class=\"form-stand-anfrage \"  ><form id=\"form-stand-anfrage\">\n\t<input type=\"hidden\" name=\"recaptchaResponse\" id=\"recaptchaResponse\">\n\t<input type=\"hidden\" name=\"form_stand_anfrage_nonce\" value=\"84ef56cbfc\" \/>\n\t<input type=\"hidden\" name=\"action\" value=\"ajax_stand_anfrage_function\">\n    <div class=\"standform\">\n        <h2 class=\"h4\">Standform*<\/h2>\n        <p>Die Fl\u00e4chenmiete und Beteiligungspreise gelten f\u00fcr die gesamte Messedauer, einschlie\u00dflich Auf- & Abbautage.\n        <\/p>\n        <div class=\"form-row mobile-2\" id=\"flaechenmiete\"><div class=\"form-selector colum-2\">\n                <input class=\"form-input\" type=\"radio\" id=\"Blockstand\" name=\"Standlayout\"\n                    value=\"4\" required>\n                <label class=\"form-label\" for=\"Blockstand\"><img decoding=\"async\" src=\"\/wp-content\/themes\/uncode-child\/includes\/img\/Blockstand_blau.png\">\n                    <span class=\"flaechen-name\">Vierseitig offen (Blockstand)<\/span>\n\t\t\t\t\t<span class=\"flaechen-preis\">290,\u2013 \u20ac\/m<sup>2<\/sup> zzgl. MwSt.<\/span>\n                <\/label>\n             <\/div><div class=\"form-selector colum-2\">\n                <input class=\"form-input\" type=\"radio\" id=\"Kopfstand\" name=\"Standlayout\"\n                    value=\"3\" required>\n                <label class=\"form-label\" for=\"Kopfstand\"><img decoding=\"async\" src=\"\/wp-content\/themes\/uncode-child\/includes\/img\/Kopfstand_blau.png\">              \n                    <span class=\"flaechen-name\">Dreiseitig offen (Kopfstand)<\/span>\n\t\t\t\t\t<span class=\"flaechen-preis\">275,\u2013 \u20ac\/m<sup>2<\/sup> zzgl. MwSt.<\/span>\n                <\/label>\n            <\/div>\n            <div class=\"form-selector colum-2\">\n                <input class=\"form-input\" type=\"radio\" id=\"Eckstand\" name=\"Standlayout\"\n                    value=\"2\" required>\n                <label class=\"form-label\" for=\"Eckstand\"><img decoding=\"async\" src=\"\/wp-content\/themes\/uncode-child\/includes\/img\/Eckstand_blau.png\"> \n                    <span class=\"flaechen-name\">Zweiseitig offen (Eckstand)<\/span>\n\t\t\t\t\t<span class=\"flaechen-preis\">255,\u2013 \u20ac\/m<sup>2<\/sup> zzgl. MwSt.<\/span>\n                <\/label>\n            <\/div>\n            <div class=\"form-selector colum-2\">\n                <input class=\"form-input\" type=\"radio\" id=\"Reihenstand\" name=\"Standlayout\"\n                    value=\"1\" required>\n                <label class=\"form-label\" for=\"Reihenstand\"><img decoding=\"async\" src=\"\/wp-content\/themes\/uncode-child\/includes\/img\/Reihenstand_blau.png\">               \n                    <span class=\"flaechen-name\">Einseitig offen (Reihenstand)<\/span>\n\t\t\t\t\t<span class=\"flaechen-preis\">225,\u2013 \u20ac\/m<sup>2<\/sup> zzgl. MwSt.<\/span>\n                <\/label>\n            <\/div>\n        <\/div>\n    <\/div>\n    <div>\n        <h2 class=\"h4\">Standgr\u00f6\u00dfe*<\/h2>\n        <div class=\"form-row mobile-3\">\n            <div class=\"form-selector colum-3 sflaeche floating-label-group\">\n                <input  oninvalid=\"this.setCustomValidity('t')\"\n  oninput=\"this.setCustomValidity('')\" class=\"form-control form-control-border focus\" id=\"stand_anfrage_groesseinm2\"\n                    type=\"text\" placeholder=\"Fl\u00e4che in m\u00b2\" name=\"stand_anfrage_groesseinm2\" value=\"\" required>\n\t\t\t\t\t<label class=\"floating-label\">Fl\u00e4che in m\u00b2<\/label>\n            <\/div>\n            <div class=\"form-selector colum-3 sbreite floating-label-group\">\n                <input class=\"form-control form-control-border focus\"\n                    id=\"stand_anfrage_abmessungeninmbreit\" type=\"text\" placeholder=\"Breite in m\"\n                    name=\"stand_anfrage_abmessungeninmbreit\" value=\"\" required>\n\t\t\t\t\t<label class=\"floating-label\">Breite in m<\/label>\n            <\/div>\n            <div class=\"form-selector colum-3 stiefe floating-label-group\">\n                <input class=\"form-control form-control-border focus\"\n                    id=\"stand_anfrage_abmessungeninmtief\" type=\"text\" placeholder=\"Tiefe in m\"\n                    name=\"stand_anfrage_abmessungeninmtief\" value=\"\" required>\n\t\t\t\t\t<label class=\"floating-label\">Tiefe in m<\/label>\n            <\/div>\n        <\/div>\n    <\/div>\n    <div>\n        <h2 class=\"h4\">Ausstellungsschwerpunkt*<\/h2>\n\t\t<div class=\"aussteller_select\"><select required id=\"Ausstellungsschwerpunkt\" name=\"Ausstellungsschwerpunkt[]\" class=\"focus\"><option value=\"\">Bitte w\u00e4hlen...<\/option><option value=\"362\">L\u00e4ngen - und Winkelmessung<\/option><option value=\"364\">Messger\u00e4te<\/option><option value=\"366\">Messmaschinen<\/option><option value=\"368\">Sondermesseinrichtungen<\/option><option value=\"370\">Bauteile f\u00fcr Mess - und Pr\u00fcfeinrichtungen<\/option><option value=\"372\">Werkstoffpr\u00fcfger\u00e4te<\/option><option value=\"374\">Ger\u00e4te und Maschinen f\u00fcr zerst\u00f6rungsfreie Pr\u00fcfung<\/option><option value=\"376\">Analyseger\u00e4te<\/option><option value=\"378\">Best\u00e4ndigkeitspr\u00fcfung<\/option><option value=\"380\">QS Microsystemtechnik<\/option><option value=\"382\">Ger\u00e4te zur Bestimmung sonstiger physikalischer Gr\u00f6\u00dfen<\/option><option value=\"384\">Sonstige Ger\u00e4te, Instrumente, etc.<\/option><option value=\"386\">Systeme, Anlagen und Ger\u00e4te zur Bildverarbeitung<\/option><option value=\"388\">Optoelektronische Systeme, Anlagen und Ger\u00e4te<\/option><option value=\"390\">Software f\u00fcr die rechnergest\u00fctzte Qualit\u00e4tssicherung<\/option><option value=\"392\">Organisationen \/ Verlage \/ Dienstleistungen<\/option> <\/select><\/div>\t\t\n        <a id=\"weitere-ausstellungsschwerpunkte\" class=\"weitere-ausstellungsschwerpunkte\">\n            weiteren Ausstellungsschwerpunkt hinzuf\u00fcgen<i class=\"fa fa-circle-plus\"><\/i>\n        <\/a>\n    <\/div>\n    <div class=\"form-row\">\n        <h2 class=\"h4\">Firmendaten<\/h2>\n        <div class=\"form-selector colum-1 floating-label-group\">\n            <input type=\"text\" placeholder=\"Firma*\" name=\"Firma\" autocomplete=\"organization\" required>\n\t\t\t<label class=\"floating-label\">Firma*<\/label>\n        <\/div>\n    <\/div>\n    <div class=\"form-row mobile-2\">\n        <div class=\"anrede\">\n            <input type=\"radio\" id=\"Frau\" name=\"Anrede\" value=\"2\"><label for=\"Frau\">Frau<\/label>\n            <input type=\"radio\" id=\"Herr\" name=\"Anrede\" value=\"1\"><label for=\"Herr\">Herr<\/label>\n        <\/div>\n        <div class=\"form-selector colum-2 vorname floating-label-group\">\n            <input type=\"text\" placeholder=\"Vorname*\" name=\"Vorname\" autocomplete=\"given-name\" required>\n\t\t\t<label class=\"floating-label\">Vorname*<\/label>\n        <\/div>\n        <div class=\"form-selector colum-2 nachname floating-label-group\">\n            <input type=\"text\" placeholder=\"Name*\" name=\"Name\" autocomplete=\"family-name\" required>\n\t\t\t<label class=\"floating-label\">Name*<\/label>\n        <\/div>\n    <\/div>\n    <div class=\"form-row\">\n        <div class=\"form-selector colum-1 floating-label-group\">\n            <input type=\"text\" placeholder=\"Stra\u00dfe und Hausnummer*\" name=\"Stra\u00dfe\" autocomplete=\"street-address\" required>\n\t\t\t<label class=\"floating-label\">Stra\u00dfe und Hausnummer*<\/label>\n        <\/div>\n    <\/div>\n    <div class=\"form-row location\">\n        <div class=\"land floating-label-group\">\n            <select name=\"Land\" required placeholder=\"Land*\"  autocomplete=\"country\" > <option value=\"\" selected>Land*<\/option><option value=\"3\">Afghanistan<\/option><option value=\"64\">\u00c4gypten<\/option><option value=\"16\">\u00c5land<\/option><option value=\"6\">Albanien<\/option><option value=\"61\">Algerien<\/option><option value=\"226\">Amerikanisch-Ozeanien<\/option><option value=\"12\">Amerikanisch-Samoa<\/option><option value=\"234\">Amerikanische Jungferninseln<\/option><option value=\"1\">Andorra<\/option><option value=\"9\">Angola<\/option><option value=\"5\">Anguilla<\/option><option value=\"10\">Antarktis<\/option><option value=\"4\">Antigua und Barbuda<\/option><option value=\"87\">\u00c4quatorialguinea<\/option><option value=\"11\">Argentinien<\/option><option value=\"7\">Armenien<\/option><option value=\"15\">Aruba<\/option><option value=\"17\">Aserbaidschan<\/option><option value=\"68\">\u00c4thiopien<\/option><option value=\"14\">Australien<\/option><option value=\"31\">Bahamas<\/option><option value=\"24\">Bahrain<\/option><option value=\"20\">Bangladesch<\/option><option value=\"19\">Barbados<\/option><option value=\"21\">Belgien<\/option><option value=\"36\">Belize<\/option><option value=\"26\">Benin<\/option><option value=\"27\">Bermuda<\/option><option value=\"32\">Bhutan<\/option><option value=\"29\">Bolivien<\/option><option value=\"18\">Bosnien und Herzegowina<\/option><option value=\"34\">Botswana<\/option><option value=\"33\">Bouvetinsel<\/option><option value=\"30\">Brasilien<\/option><option value=\"233\">Britische Jungferninseln<\/option><option value=\"105\">Britisches Territorium im Indischen Ozean<\/option><option value=\"28\">Brunei Darussalam<\/option><option value=\"23\">Bulgarien<\/option><option value=\"22\">Burkina Faso<\/option><option value=\"25\">Burundi<\/option><option value=\"45\">Chile<\/option><option value=\"47\">China<\/option><option value=\"44\">Cookinseln<\/option><option value=\"49\">Costa Rica<\/option><option value=\"58\">D\u00e4nemark<\/option><option value=\"56\">Deutschland<\/option><option value=\"59\">Dominica<\/option><option value=\"60\">Dominikanische Republik<\/option><option value=\"57\">Dschibuti<\/option><option value=\"62\">Ecuador<\/option><option value=\"205\">El Salvador<\/option><option value=\"43\">Elfenbeink\u00fcste<\/option><option value=\"66\">Eritrea<\/option><option value=\"63\">Estland<\/option><option value=\"71\">Falklandinseln (Malwinen)<\/option><option value=\"73\">F\u00e4r\u00f6er<\/option><option value=\"70\">Fidschi<\/option><option value=\"69\">Finnland<\/option><option value=\"74\">Frankreich<\/option><option value=\"79\">Franz\u00f6sisch-Guayana<\/option><option value=\"172\">Franz\u00f6sisch-Polynesien<\/option><option value=\"210\">Franz\u00f6sische S\u00fcd- und Antarktisgebiete<\/option><option value=\"75\">Gabun<\/option><option value=\"84\">Gambia<\/option><option value=\"78\">Georgien<\/option><option value=\"81\">Ghana<\/option><option value=\"82\">Gibraltar<\/option><option value=\"77\">Grenada<\/option><option value=\"88\">Griechenland<\/option><option value=\"83\">Gr\u00f6nland<\/option><option value=\"76\">Gro\u00dfbritannien und Nordirland<\/option><option value=\"86\">Guadeloupe<\/option><option value=\"91\">Guam<\/option><option value=\"90\">Guatemala<\/option><option value=\"80\">Guernsey (Kanalinsel)<\/option><option value=\"85\">Guinea<\/option><option value=\"92\">Guinea-Bissau<\/option><option value=\"93\">Guyana<\/option><option value=\"98\">Haiti<\/option><option value=\"95\">Heard- und McDonald-Inseln<\/option><option value=\"96\">Honduras<\/option><option value=\"94\">Hongkong<\/option><option value=\"104\">Indien<\/option><option value=\"100\">Indonesien<\/option><option value=\"103\">Insel Man<\/option><option value=\"106\">Irak<\/option><option value=\"107\">Iran<\/option><option value=\"101\">Irland<\/option><option value=\"108\">Island<\/option><option value=\"102\">Israel<\/option><option value=\"109\">Italien<\/option><option value=\"111\">Jamaika<\/option><option value=\"113\">Japan<\/option><option value=\"239\">Jemen<\/option><option value=\"110\">Jersey (Kanalinsel)<\/option><option value=\"112\">Jordanien<\/option><option value=\"123\">Kaimaninseln<\/option><option value=\"116\">Kambodscha<\/option><option value=\"46\">Kamerun<\/option><option value=\"37\">Kanada<\/option><option value=\"52\">Kap Verde<\/option><option value=\"124\">Kasachstan<\/option><option value=\"184\">Katar<\/option><option value=\"114\">Kenia<\/option><option value=\"115\">Kirgisistan<\/option><option value=\"117\">Kiribati<\/option><option value=\"38\">Kokosinseln (Keelinginseln)<\/option><option value=\"48\">Kolumbien<\/option><option value=\"118\">Komoren<\/option><option value=\"39\">Kongo<\/option><option value=\"97\">Kroatien<\/option><option value=\"51\">Kuba<\/option><option value=\"122\">Kuwait<\/option><option value=\"125\">Laos<\/option><option value=\"131\">Lesotho<\/option><option value=\"134\">Lettland<\/option><option value=\"126\">Libanon<\/option><option value=\"130\">Liberia<\/option><option value=\"135\">Libyen<\/option><option value=\"128\">Liechtenstein<\/option><option value=\"132\">Litauen<\/option><option value=\"133\">Luxemburg<\/option><option value=\"145\">Macao<\/option><option value=\"139\">Madagaskar<\/option><option value=\"153\">Malawi<\/option><option value=\"155\">Malaysia<\/option><option value=\"152\">Malediven<\/option><option value=\"142\">Mali<\/option><option value=\"150\">Malta<\/option><option value=\"136\">Marokko<\/option><option value=\"140\">Marshallinseln<\/option><option value=\"147\">Martinique<\/option><option value=\"148\">Mauretanien<\/option><option value=\"151\">Mauritius<\/option><option value=\"240\">Mayotte<\/option><option value=\"141\">Mazedonien<\/option><option value=\"154\">Mexiko<\/option><option value=\"72\">Mikronesien<\/option><option value=\"138\">Moldawien<\/option><option value=\"137\">Monaco<\/option><option value=\"144\">Mongolei<\/option><option value=\"246\">Montenegro<\/option><option value=\"149\">Montserrat<\/option><option value=\"156\">Mosambik<\/option><option value=\"143\">Myanmar (Burma)<\/option><option value=\"157\">Namibia<\/option><option value=\"166\">Nauru<\/option><option value=\"165\">Nepal<\/option><option value=\"158\">Neukaledonien<\/option><option value=\"168\">Neuseeland<\/option><option value=\"162\">Nicaragua<\/option><option value=\"163\">Niederlande<\/option><option value=\"8\">Niederl\u00e4ndische Antillen<\/option><option value=\"159\">Niger<\/option><option value=\"161\">Nigeria<\/option><option value=\"167\">Niue<\/option><option value=\"120\">Nordkorea<\/option><option value=\"146\">N\u00f6rdliche Marianen<\/option><option value=\"160\">Norfolkinsel<\/option><option value=\"164\">Norwegen<\/option><option value=\"169\">Oman<\/option><option value=\"13\">\u00d6sterreich<\/option><option value=\"175\">Pakistan<\/option><option value=\"180\">Pal\u00e4stinensische Autonomiegebiete<\/option><option value=\"182\">Palau<\/option><option value=\"170\">Panama<\/option><option value=\"173\">Papua-Neuguinea<\/option><option value=\"183\">Paraguay<\/option><option value=\"171\">Peru<\/option><option value=\"174\">Philippinen<\/option><option value=\"178\">Pitcairninseln<\/option><option value=\"176\">Polen<\/option><option value=\"181\">Portugal<\/option><option value=\"179\">Puerto Rico<\/option><option value=\"41\">Republik Kongo<\/option><option value=\"185\">R\u00e9union<\/option><option value=\"188\">Ruanda<\/option><option value=\"186\">Rum\u00e4nien<\/option><option value=\"187\">Russische F\u00f6deration<\/option><option value=\"190\">Salomonen<\/option><option value=\"242\">Sambia<\/option><option value=\"238\">Samoa<\/option><option value=\"200\">San Marino<\/option><option value=\"204\">S\u00e3o Tom\u00e9 und Pr\u00edncipe<\/option><option value=\"189\">Saudi-Arabien<\/option><option value=\"193\">Schweden<\/option><option value=\"42\">Schweiz<\/option><option value=\"201\">Senegal<\/option><option value=\"244\">Serbien<\/option><option value=\"191\">Seychellen<\/option><option value=\"199\">Sierra Leone<\/option><option value=\"243\">Simbabwe<\/option><option value=\"194\">Singapur<\/option><option value=\"198\">Slowakei<\/option><option value=\"196\">Slowenien<\/option><option value=\"202\">Somalia<\/option><option value=\"67\">Spanien<\/option><option value=\"129\">Sri Lanka<\/option><option value=\"195\">St. Helena<\/option><option value=\"119\">St. Kitts und Nevis<\/option><option value=\"127\">St. Lucia<\/option><option value=\"177\">St. Pierre und Miquelon<\/option><option value=\"231\">St. Vincent und die Grenadinen<\/option><option value=\"241\">S\u00fcdafrika<\/option><option value=\"192\">Sudan<\/option><option value=\"89\">S\u00fcdgeorgien und die S\u00fcdl. Sandwichinseln<\/option><option value=\"121\">S\u00fcdkorea<\/option><option value=\"203\">Suriname<\/option><option value=\"197\">Svalbard und Jan Mayen<\/option><option value=\"207\">Swasiland<\/option><option value=\"206\">Syrien<\/option><option value=\"213\">Tadschikistan<\/option><option value=\"222\">Taiwan<\/option><option value=\"223\">Tansania<\/option><option value=\"212\">Thailand<\/option><option value=\"215\">Timor-Leste<\/option><option value=\"211\">Togo<\/option><option value=\"214\">Tokelau<\/option><option value=\"218\">Tonga<\/option><option value=\"220\">Trinidad und Tobago<\/option><option value=\"209\">Tschad<\/option><option value=\"55\">Tschechische Republik<\/option><option value=\"217\">Tunesien<\/option><option value=\"219\">T\u00fcrkei<\/option><option value=\"216\">Turkmenistan<\/option><option value=\"208\">Turks- und Caicosinseln<\/option><option value=\"221\">Tuvalu<\/option><option value=\"225\">Uganda<\/option><option value=\"224\">Ukraine<\/option><option value=\"99\">Ungarn<\/option><option value=\"228\">Uruguay<\/option><option value=\"227\">USA<\/option><option value=\"229\">Usbekistan<\/option><option value=\"236\">Vanuatu<\/option><option value=\"230\">Vatikanstadt<\/option><option value=\"232\">Venezuela<\/option><option value=\"2\">Vereinigte Arabische Emirate<\/option><option value=\"235\">Vietnam<\/option><option value=\"237\">Wallis und Futuna<\/option><option value=\"53\">Weihnachtsinsel<\/option><option value=\"35\">Wei\u00dfrussland<\/option><option value=\"65\">Westsahara<\/option><option value=\"40\">Zentralafrikanische Republik<\/option><option value=\"54\">Zypern<\/option><\/select>\n\t\t\t<label class=\"floating-label\">Land*<\/label>\n        <\/div>\n        <div class=\"plz floating-label-group\">\n            <input type=\"text\" placeholder=\"PLZ*\" name=\"PLZ\" autocomplete=\"postal-code\" required>\n\t\t\t<label class=\"floating-label\">PLZ*<\/label>\n        <\/div>\n        <div class=\"ort floating-label-group\">\n            <input type=\"text\" placeholder=\"Ort*\" name=\"Ort\" autocomplete=\"address-level2\" required>\n\t\t\t<label class=\"floating-label\">Ort*<\/label>\n        <\/div>\n    <\/div>\n    <div class=\"form-row mobile-2\">\n        <div class=\"form-selector colum-2 floating-label-group\">\n            <input type=\"text\" placeholder=\"E-Mail*\" name=\"E-Mail\" autocomplete=\"email\" required>\n\t\t\t<label class=\"floating-label\">E-Mail*<\/label>\n        <\/div>\n        <div class=\"form-selector colum-2 floating-label-group\">\n            <input type=\"text\" placeholder=\"Telefon*\" name=\"Telefon\" autocomplete=\"tel\" required>\n\t\t\t<label class=\"floating-label\">Telefon*<\/label>\n        <\/div>\n    <\/div>\n    <div class=\"form-row form-row-textarea floating-label-group\">\n        <textarea placeholder=\"Ihre Nachricht\" rows=\"5\" cols=\"20\" name=\"Nachricht\"><\/textarea>\n\t\t<label class=\"floating-label\">Ihre Nachricht<\/label>\n    <\/div>\n    <p>Weitere Informationen zur Datenverarbeitung finden Sie in unserer <a href=\"\/datenschutzerklaerung\" target=\"_blank\">Datenschutzerkl\u00e4rung<\/a>.<br>\n        Die Pflichtangaben sind mit einem Stern<span class=\"detailred\">*<\/span> markiert.<\/p>\n\t<div id=\"error_form\" style=\"display:none;\">Bitte f\u00fcllen Sie alle Pflichtfelder aus.<\/div>\n     <div class=\"brlbs-cmpnt-container brlbs-cmpnt-content-blocker brlbs-cmpnt-with-individual-styles\" data-borlabs-cookie-content-blocker-id=\"recaptcha-forms\" data-borlabs-cookie-content=\"ICAgIDxsYWJlbCBjbGFzcz0iZm9ybXVsYXItc3VibWl0IiBmb3I9ImZvcm1zdWJtaXQiPjxpIGNsYXNzPSJmYS1zb2xpZCBmYS1wYXBlci1wbGFuZS10b3AiPjwvaT4gQW5mcmFnZSBhYnNlbmRlbjwvbGFiZWw+CiAgICA8aW5wdXQgY2xhc3M9ImhpZGRlbiIgaWQ9ImZvcm1zdWJtaXQiIHR5cGU9InN1Ym1pdCIgLz4=\"><div class=\"brlbs-cmpnt-cb-preset-b\"> <div class=\"brlbs-cmpnt-cb-main\"> <div class=\"brlbs-cmpnt-cb-content\"> <p class=\"brlbs-cmpnt-cb-description\">Sie m\u00fcssen den Inhalt von <strong>reCAPTCHA<\/strong> laden, um das Formular abzuschicken. Bitte beachten Sie, dass dabei Daten mit Drittanbietern ausgetauscht werden.<\/p> <a class=\"brlbs-cmpnt-cb-provider-toggle\" href=\"#\" data-borlabs-cookie-show-provider-information role=\"button\">Weitere Informationen<\/a> <\/div> <div class=\"brlbs-cmpnt-cb-buttons\"> <a class=\"brlbs-cmpnt-cb-btn\" href=\"#\" data-borlabs-cookie-unblock role=\"button\">Inhalt entsperren<\/a> <a class=\"brlbs-cmpnt-cb-btn\" href=\"#\" data-borlabs-cookie-accept-service role=\"button\" style=\"display: inherit\">Erforderlichen Service akzeptieren und Inhalte entsperren<\/a> <\/div> <\/div> <\/div><\/div><\/form><\/div>[\/vc_column][\/vc_row][vc_row][vc_column width=&#8220;1\/1&#8243;][uncode_block id=&#8220;944&#8243;][\/vc_column][\/vc_row]<\/p>\n<\/div>","protected":false},"excerpt":{"rendered":"<p>[vc_row row_height_percent=&#8220;0&#8243; override_padding=&#8220;yes&#8220; h_padding=&#8220;2&#8243; top_padding=&#8220;2&#8243; bottom_padding=&#8220;1&#8243; overlay_alpha=&#8220;50&#8243; gutter_size=&#8220;3&#8243; column_width_percent=&#8220;100&#8243; shift_y=&#8220;0&#8243; z_index=&#8220;0&#8243; uncode_shortcode_id=&#8220;589688&#8243;][vc_column column_width_use_pixel=&#8220;yes&#8220; gutter_size=&#8220;2&#8243; overlay_alpha=&#8220;50&#8243; shift_x=&#8220;0&#8243; shift_y=&#8220;0&#8243; shift_y_down=&#8220;0&#8243; z_index=&#8220;0&#8243; medium_width=&#8220;0&#8243; [&hellip;]<\/p>\n","protected":false},"author":1,"featured_media":0,"parent":0,"menu_order":0,"comment_status":"closed","ping_status":"closed","template":"","meta":{"footnotes":""},"class_list":["post-120","page","type-page","status-publish","hentry"],"_links":{"self":[{"href":"https:\/\/www.control-messe.de\/control-expertdays\/wp-json\/wp\/v2\/pages\/120","targetHints":{"allow":["GET"]}}],"collection":[{"href":"https:\/\/www.control-messe.de\/control-expertdays\/wp-json\/wp\/v2\/pages"}],"about":[{"href":"https:\/\/www.control-messe.de\/control-expertdays\/wp-json\/wp\/v2\/types\/page"}],"author":[{"embeddable":true,"href":"https:\/\/www.control-messe.de\/control-expertdays\/wp-json\/wp\/v2\/users\/1"}],"replies":[{"embeddable":true,"href":"https:\/\/www.control-messe.de\/control-expertdays\/wp-json\/wp\/v2\/comments?post=120"}],"version-history":[{"count":5,"href":"https:\/\/www.control-messe.de\/control-expertdays\/wp-json\/wp\/v2\/pages\/120\/revisions"}],"predecessor-version":[{"id":965,"href":"https:\/\/www.control-messe.de\/control-expertdays\/wp-json\/wp\/v2\/pages\/120\/revisions\/965"}],"wp:attachment":[{"href":"https:\/\/www.control-messe.de\/control-expertdays\/wp-json\/wp\/v2\/media?parent=120"}],"curies":[{"name":"wp","href":"https:\/\/api.w.org\/{rel}","templated":true}]}}