{"id":31,"date":"2025-06-16T13:10:30","date_gmt":"2025-06-16T11:10:30","guid":{"rendered":"https:\/\/www.control-messe.de\/control-expertdays\/?page_id=31"},"modified":"2026-04-17T12:21:44","modified_gmt":"2026-04-17T10:21:44","slug":"presse","status":"publish","type":"page","link":"https:\/\/www.control-messe.de\/control-expertdays\/presse\/","title":{"rendered":"Presse"},"content":{"rendered":"<div class=\"wpb-content-wrapper\"><p>[vc_row row_height_percent=&#8220;35&#8243; back_image=&#8220;690&#8243; overlay_alpha=&#8220;50&#8243; gutter_size=&#8220;3&#8243; column_width_percent=&#8220;100&#8243; shift_y=&#8220;0&#8243; z_index=&#8220;0&#8243; content_parallax=&#8220;0&#8243; uncode_shortcode_id=&#8220;703693&#8243; row_height_pixel=&#8220;120&#8243;][vc_column width=&#8220;1\/1&#8243;][\/vc_column][\/vc_row][vc_row row_height_percent=&#8220;0&#8243; override_padding=&#8220;yes&#8220; h_padding=&#8220;2&#8243; top_padding=&#8220;2&#8243; bottom_padding=&#8220;0&#8243; overlay_alpha=&#8220;50&#8243; equal_height=&#8220;yes&#8220; gutter_size=&#8220;3&#8243; column_width_percent=&#8220;100&#8243; shift_y=&#8220;0&#8243; z_index=&#8220;0&#8243; uncode_shortcode_id=&#8220;385781&#8243;][vc_column column_width_percent=&#8220;100&#8243; gutter_size=&#8220;2&#8243; back_color=&#8220;color-xsdn&#8220; overlay_alpha=&#8220;50&#8243; shift_x=&#8220;0&#8243; shift_y=&#8220;0&#8243; shift_y_down=&#8220;0&#8243; z_index=&#8220;0&#8243; medium_width=&#8220;0&#8243; mobile_width=&#8220;0&#8243; width=&#8220;2\/3&#8243; uncode_shortcode_id=&#8220;123142&#8243; back_color_type=&#8220;uncode-palette&#8220; el_class=&#8220;roundborderbg&#8220;][vc_custom_heading heading_semantic=&#8220;h1&#8243; text_size=&#8220;h1&#8243; uncode_shortcode_id=&#8220;182414&#8243;]Pressebereich der Control-Expert Days[\/vc_custom_heading][vc_custom_heading text_size=&#8220;h3&#8243; uncode_shortcode_id=&#8220;520493&#8243;]Wichtige Informationen zum Einlass f\u00fcr die Journalisten[\/vc_custom_heading][vc_column_text uncode_shortcode_id=&#8220;108335&#8243;]Bitte folgen Sie vor Ort dem Parkleitsystem der Control-Expert Days zur Zufahrt zum Presseparkplatz (P26), dieser ist kostenpflichtig. Ihr Parkticket wird im Projektleiterb\u00fcro (Raum 9.1) entwertet. Der Einlass befindet sich im Eingang West.<\/p>\n<p>Die Fotos der Bildergalerie sind ausschlie\u00dflich der redaktionellen Berichterstattung vorbehalten und d\u00fcrfen nicht f\u00fcr werbliche Zwecke genutzt werden. Eine Ausnahme bilden die teilnehmenden Aussteller zur Bewerbung Ihrer Messebeteiligung. Die Ver\u00f6ffentlichung ist kostenfrei, Beleg oder Link zur Publikation erbeten. Vernetzen Sie sich mit uns auch auf LinkedIn, YouTube, Facebook und Instagram. Vielen Dank.[\/vc_column_text][vc_empty_space empty_h=&#8220;1&#8243;][vc_button button_color=&#8220;color-819099&#8243; size=&#8220;btn-sm&#8220; outline=&#8220;yes&#8220; border_width=&#8220;0&#8243; display=&#8220;inline&#8220; button_color_type=&#8220;uncode-palette&#8220; icon=&#8220;fa fa-phone&#8220; uncode_shortcode_id=&#8220;130443&#8243; link=&#8220;url:tel%3A%2B4970259206690&#8243;]+49 (0) 7025 9206-690[\/vc_button][vc_button button_color=&#8220;color-819099&#8243; size=&#8220;btn-sm&#8220; outline=&#8220;yes&#8220; border_width=&#8220;0&#8243; display=&#8220;inline&#8220; button_color_type=&#8220;uncode-palette&#8220; icon=&#8220;fa fa-mail&#8220; uncode_shortcode_id=&#8220;182273&#8243; link=&#8220;url:mailto%3Apresse%40schall-messen.de&#8220;]presse@schall-messen.de[\/vc_button][vc_empty_space empty_h=&#8220;1&#8243;][uncode_socials size=&#8220;lead&#8220;][\/vc_column][vc_column column_width_percent=&#8220;100&#8243; gutter_size=&#8220;2&#8243; back_color=&#8220;color-xsdn&#8220; overlay_alpha=&#8220;50&#8243; shift_x=&#8220;0&#8243; shift_y=&#8220;0&#8243; shift_y_down=&#8220;0&#8243; z_index=&#8220;0&#8243; medium_width=&#8220;0&#8243; mobile_width=&#8220;0&#8243; width=&#8220;1\/3&#8243; uncode_shortcode_id=&#8220;163464&#8243; back_color_type=&#8220;uncode-palette&#8220; el_class=&#8220;roundborderbg&#8220;][vc_custom_heading uncode_shortcode_id=&#8220;743783&#8243;]Downloads[\/vc_custom_heading][vc_button button_color=&#8220;color-847234&#8243; size=&#8220;link&#8220; button_color_type=&#8220;uncode-palette&#8220; icon=&#8220;fa fa-file-archive-o&#8220; uncode_shortcode_id=&#8220;109220&#8243; link=&#8220;url:%2Fcontrol-expertdays%2Fdl%2FLogo-Control-Expert-Days.zip|target:_blank&#8220;]Messelogo[\/vc_button][vc_button button_color=&#8220;color-847234&#8243; size=&#8220;link&#8220; button_color_type=&#8220;uncode-palette&#8220; icon=&#8220;fa fa-file-archive-o&#8220; uncode_shortcode_id=&#8220;343880&#8243; link=&#8220;url:%2Fdl%2FPressemappen_deutsch.zip|target:_blank&#8220; el_class=&#8220;hide&#8220;]Pressemappe[\/vc_button][vc_button button_color=&#8220;color-847234&#8243; size=&#8220;link&#8220; button_color_type=&#8220;uncode-palette&#8220; icon=&#8220;fa fa-file-archive-o&#8220; uncode_shortcode_id=&#8220;121755&#8243; link=&#8220;url:%2Fdl%2FProduktneuheiten_Control_2022_de.zip|target:_blank&#8220; el_class=&#8220;hide&#8220;]Produktneuheiten[\/vc_button][\/vc_column][\/vc_row][vc_row row_height_percent=&#8220;0&#8243; override_padding=&#8220;yes&#8220; h_padding=&#8220;2&#8243; top_padding=&#8220;2&#8243; bottom_padding=&#8220;2&#8243; overlay_alpha=&#8220;50&#8243; equal_height=&#8220;yes&#8220; gutter_size=&#8220;3&#8243; column_width_percent=&#8220;100&#8243; shift_y=&#8220;0&#8243; z_index=&#8220;0&#8243; uncode_shortcode_id=&#8220;100772&#8243;][vc_column column_width_percent=&#8220;100&#8243; gutter_size=&#8220;2&#8243; overlay_alpha=&#8220;50&#8243; shift_x=&#8220;0&#8243; shift_y=&#8220;0&#8243; shift_y_down=&#8220;0&#8243; z_index=&#8220;0&#8243; medium_width=&#8220;0&#8243; mobile_width=&#8220;0&#8243; width=&#8220;1\/1&#8243; uncode_shortcode_id=&#8220;211436&#8243; el_class=&#8220;roundborderbg&#8220;][vc_custom_heading uncode_shortcode_id=&#8220;180543&#8243;]Pressetermine[\/vc_custom_heading]<div class=\"pressetermine \" id=\"\" ><div id=\"modalContainer\" \">\n  <!-- Modal content -->\n  <div class=\"modal_content\">\n    <span class=\"closeModal\">&times;<\/span>\n\t<div id=\"modal_content\"> \n\t<\/div>\n  <\/div>\n<\/div>Keine Pressetermine vorhanden<\/div>[vc_empty_space empty_h=&#8220;2&#8243;][vc_custom_heading uncode_shortcode_id=&#8220;167406&#8243;]Pressemeldungen[\/vc_custom_heading][uncode_index el_id=&#8220;index-210227&#8243; index_type=&#8220;carousel&#8220; loop=&#8220;size:All|order_by:date|order:DESC|post_type:specials|categories:14|taxonomy_count:10&#8243; carousel_lg=&#8220;3&#8243; carousel_md=&#8220;3&#8243; carousel_sm=&#8220;1&#8243; thumb_size=&#8220;twentyone-nine&#8220; gutter_size=&#8220;3&#8243; specials_items=&#8220;date,title,text|excerpt|150,link|link|default_size|scale_mobile|default_width|default_outline|Mehr erfahren&#8220; carousel_interval=&#8220;0&#8243; carousel_navspeed=&#8220;400&#8243; carousel_overflow=&#8220;yes&#8220; carousel_dots=&#8220;yes&#8220; carousel_dot_position=&#8220;left&#8220; carousel_width_percent=&#8220;100&#8243; stage_padding=&#8220;0&#8243; single_back_color=&#8220;color-xsdn&#8220; single_overlay_opacity=&#8220;50&#8243; single_overlay_anim=&#8220;no&#8220; single_text_anim=&#8220;no&#8220; single_padding=&#8220;1&#8243; single_text_reduced=&#8220;yes&#8220; single_title_dimension=&#8220;h4&#8243; single_shadow=&#8220;yes&#8220; single_border=&#8220;yes&#8220; uncode_shortcode_id=&#8220;162167&#8243; el_class=&#8220;special-posts-row&#8220;][vc_row_inner row_inner_height_percent=&#8220;0&#8243; overlay_alpha=&#8220;50&#8243; gutter_size=&#8220;3&#8243; shift_y=&#8220;-1&#8243; z_index=&#8220;0&#8243; uncode_shortcode_id=&#8220;185260&#8243;][vc_column_inner column_width_percent=&#8220;100&#8243; align_horizontal=&#8220;align_right&#8220; gutter_size=&#8220;3&#8243; overlay_alpha=&#8220;50&#8243; shift_x=&#8220;0&#8243; shift_y=&#8220;0&#8243; shift_y_down=&#8220;0&#8243; z_index=&#8220;0&#8243; medium_width=&#8220;0&#8243; mobile_width=&#8220;0&#8243; width=&#8220;1\/1&#8243; uncode_shortcode_id=&#8220;146477&#8243;][vc_button button_color=&#8220;color-819099&#8243; size=&#8220;btn-sm&#8220; outline=&#8220;yes&#8220; border_width=&#8220;0&#8243; icon_position=&#8220;right&#8220; display=&#8220;inline&#8220; button_color_type=&#8220;uncode-palette&#8220; icon=&#8220;fa fa-arrow-right2&#8243; uncode_shortcode_id=&#8220;879217&#8243;]Alle Pressemeldungen[\/vc_button][\/vc_column_inner][\/vc_row_inner][\/vc_column][\/vc_row][vc_row row_height_percent=&#8220;0&#8243; override_padding=&#8220;yes&#8220; h_padding=&#8220;2&#8243; top_padding=&#8220;2&#8243; bottom_padding=&#8220;0&#8243; overlay_alpha=&#8220;50&#8243; gutter_size=&#8220;3&#8243; column_width_percent=&#8220;100&#8243; shift_y=&#8220;0&#8243; z_index=&#8220;0&#8243; uncode_shortcode_id=&#8220;167857&#8243;][vc_column column_width_percent=&#8220;100&#8243; gutter_size=&#8220;2&#8243; back_color=&#8220;color-xsdn&#8220; overlay_alpha=&#8220;50&#8243; shift_x=&#8220;0&#8243; shift_y=&#8220;0&#8243; shift_y_down=&#8220;0&#8243; z_index=&#8220;0&#8243; medium_width=&#8220;0&#8243; mobile_width=&#8220;0&#8243; width=&#8220;1\/1&#8243; uncode_shortcode_id=&#8220;558260&#8243; back_color_type=&#8220;uncode-palette&#8220; el_class=&#8220;roundborderbg&#8220;][vc_custom_heading uncode_shortcode_id=&#8220;150660&#8243;]Pressefotos[\/vc_custom_heading][vc_empty_space empty_h=&#8220;1&#8243;][vc_gallery el_id=&#8220;gallery-pressefotos&#8220; type=&#8220;css_grid&#8220; medias=&#8220;330&#8243; explode_albums=&#8220;yes&#8220; screen_lg_items=&#8220;3&#8243; screen_lg_breakpoint=&#8220;1000&#8243; screen_md_items=&#8220;2&#8243; screen_md_breakpoint=&#8220;600&#8243; screen_sm_items=&#8220;1&#8243; screen_sm_breakpoint=&#8220;480&#8243; infinite=&#8220;yes&#8220; infinite_preloaded_items=&#8220;16&#8243; infinite_loading_items=&#8220;12&#8243; infinite_button=&#8220;yes&#8220; infinite_button_outline=&#8220;yes&#8220; infinite_button_color=&#8220;color-819099&#8243; gutter_size=&#8220;1&#8243; media_items=&#8220;media|lightbox|original,title&#8220; css_grid_images_size=&#8220;three-two&#8220; single_style=&#8220;dark&#8220; single_overlay_opacity=&#8220;90&#8243; single_overlay_anim=&#8220;no&#8220; single_text_anim=&#8220;no&#8220; single_image_anim=&#8220;no&#8220; single_h_align=&#8220;center&#8220; single_v_position=&#8220;bottom&#8220; single_padding=&#8220;1&#8243; single_title_dimension=&#8220;h5&#8243; single_title_weight=&#8220;400&#8243; single_border=&#8220;yes&#8220; lbox_skin=&#8220;white&#8220; lbox_transparency=&#8220;opaque&#8220; lbox_gallery_arrows_bg=&#8220;semi-transparent&#8220; lbox_caption=&#8220;yes&#8220; lbox_download=&#8220;yes&#8220; uncode_shortcode_id=&#8220;175841&#8243; el_class=&#8220;noroundborderbg&#8220; infinite_button_text=&#8220;Weitere Pressebilder laden&#8220; infinite_button_color_type=&#8220;uncode-palette&#8220;][\/vc_column][\/vc_row][vc_row][vc_column column_width_percent=&#8220;100&#8243; gutter_size=&#8220;2&#8243; back_color=&#8220;color-xsdn&#8220; overlay_alpha=&#8220;50&#8243; shift_x=&#8220;0&#8243; shift_y=&#8220;0&#8243; shift_y_down=&#8220;0&#8243; z_index=&#8220;0&#8243; medium_width=&#8220;0&#8243; mobile_width=&#8220;0&#8243; width=&#8220;1\/1&#8243; uncode_shortcode_id=&#8220;558260&#8243; back_color_type=&#8220;uncode-palette&#8220; el_class=&#8220;roundborderbg&#8220;][vc_custom_heading uncode_shortcode_id=&#8220;155347&#8243;]Medienpartner[\/vc_custom_heading][vc_gallery el_id=&#8220;gallery-378161&#8243; type=&#8220;css_grid&#8220; medias=&#8220;1052,1039,1054,1056,1118,674,1037,671,1041,961,669,1050&#8243; screen_lg_items=&#8220;3&#8243; screen_lg_breakpoint=&#8220;1000&#8243; screen_md_items=&#8220;2&#8243; screen_md_breakpoint=&#8220;600&#8243; screen_sm_items=&#8220;1&#8243; screen_sm_breakpoint=&#8220;480&#8243; gutter_size=&#8220;3&#8243; media_items=&#8220;media|custom_link|original,description&#8220; single_text=&#8220;under&#8220; single_shape=&#8220;round&#8220; radius=&#8220;std&#8220; single_overlay_opacity=&#8220;50&#8243; single_overlay_anim=&#8220;no&#8220; single_text_anim=&#8220;no&#8220; single_image_coloration=&#8220;desaturated&#8220; single_image_color_anim=&#8220;yes&#8220; single_image_anim=&#8220;no&#8220; single_h_align=&#8220;center&#8220; single_padding=&#8220;1&#8243; single_title_semantic=&#8220;p&#8220; single_title_dimension=&#8220;h4&#8243; single_border=&#8220;yes&#8220; lbox_transparency=&#8220;opaque&#8220; uncode_shortcode_id=&#8220;187921&#8243; items=&#8220;eyI4MzhfaSI6eyJzaW5nbGVfbGluayI6InVybDpodHRwcyUzQSUyRiUyRnd3dy5tYXNjaGluZW5tYXJrdC52b2dlbC5kZXx0YXJnZXQ6X2JsYW5rIn0sIjg0MF9pIjp7InNpbmdsZV9saW5rIjoidXJsOmh0dHBzJTNBJTJGJTJGd3d3LnZkaS5kZSUyRnx0YXJnZXQ6X2JsYW5rIn0sIjgzOV9pIjp7InNpbmdsZV9saW5rIjoidXJsOmh0dHAlM0ElMkYlMkZ3d3cuc2ljaGVyaGVpdHVuZGF1dG9tYXRpb24uZGUlMkZ8dGFyZ2V0Ol9ibGFuayJ9LCI4NDFfaSI6eyJzaW5nbGVfbGluayI6InVybDpodHRwJTNBJTJGJTJGd3d3LnhwZXJ0Z2F0ZS5kZSUyRnx0YXJnZXQ6X2JsYW5rIn0sIjgzN19pIjp7InNpbmdsZV9saW5rIjoidXJsOmh0dHAlM0ElMkYlMkZ3d3cuaW5kdXN0cmlhbC1wcm9kdWN0aW9uLmRlJTJGfHRhcmdldDpfYmxhbmsifSwiODQ2X2kiOnsic2luZ2xlX2xpbmsiOiJ1cmw6aHR0cHMlM0ElMkYlMkZ3d3cuaW5kdXN0cmlhbC1wcm9kdWN0aW9uLmRlJTJGfHRhcmdldDpfYmxhbmsifSwiODUwX2kiOnsic2luZ2xlX2xpbmsiOiJ1cmw6aHR0cHMlM0ElMkYlMkZ3d3cueHBlcnRnYXRlLmRlJTJGfHRhcmdldDpfYmxhbmsifSwiODQ4X2kiOnsic2luZ2xlX2xpbmsiOiJ1cmw6aHR0cHMlM0ElMkYlMkZ3d3cuc2ljaGVyaGVpdHVuZGF1dG9tYXRpb24uZGUlMkZ8dGFyZ2V0Ol9ibGFuayJ9LCI4NDlfaSI6eyJzaW5nbGVfbGluayI6InVybDpodHRwcyUzQSUyRiUyRnd3dy52ZGkuZGUlMkZ8dGFyZ2V0Ol9ibGFuayJ9LCI4NDdfaSI6eyJzaW5nbGVfbGluayI6InVybDpodHRwJTNBJTJGJTJGd3d3Lm1hc2NoaW5lbm1hcmt0LnZvZ2VsLmRlJTJGfHRhcmdldDpfYmxhbmsifSwiMjM2OF9pIjp7InNpbmdsZV9saW5rIjoidXJsOmh0dHBzJTNBJTJGJTJGaW52aXNpb24tbmV3cy5kZSUyRnx0YXJnZXQ6X2JsYW5rIn0sIjIzNzZfaSI6eyJzaW5nbGVfbGluayI6InVybDpodHRwcyUzQSUyRiUyRnd3dy5wcm9kdWt0aW9uLmRlJTJGfHRhcmdldDpfYmxhbmsifSwiMjM3OF9pIjp7InNpbmdsZV9saW5rIjoidXJsOmh0dHBzJTNBJTJGJTJGd3d3LnF6LW9ubGluZS5kZSUyRnx0YXJnZXQ6X2JsYW5rIn0sIjIzNzJfaSI6eyJzaW5nbGVfbGluayI6InVybDpodHRwcyUzQSUyRiUyRnd3dy5tYXNjaGluZW5tYXJrdC52b2dlbC5kZSUyRnx0YXJnZXQ6X2JsYW5rIn0sIjIzODJfaSI6eyJzaW5nbGVfbGluayI6InVybDpodHRwcyUzQSUyRiUyRnd3dy5wb2x5bWVkaWEuY2glMkZkZSUyRnx0YXJnZXQ6X2JsYW5rIn0sIjIzNzRfaSI6eyJzaW5nbGVfbGluayI6InVybDpodHRwcyUzQSUyRiUyRnd3dy5wb2x5bWVkaWEuY2glMkZkZSUyRnx0YXJnZXQ6X2JsYW5rIn0sIjIzODBfaSI6eyJzaW5nbGVfbGluayI6InVybDpodHRwcyUzQSUyRiUyRmRlLnNwZWN0cm9uZXQuZGUlMkZ8dGFyZ2V0Ol9ibGFuayJ9LCIyMzY0X2kiOnsic2luZ2xlX2xpbmsiOiJ1cmw6aHR0cHMlM0ElMkYlMkZ3d3cueC10ZWNobmlrLmF0JTJGfHRhcmdldDpfYmxhbmsifSwiMjM2MF9pIjp7InNpbmdsZV9saW5rIjoidXJsOmh0dHBzJTNBJTJGJTJGd3d3Lm1laW5mYWNod2lzc2VuLmRlJTJGb3JkZXIlMkZuZXclMkZqb3RfcHJvYmVhYm9fa29tYmklMkYlM0ZtdG1fY2FtcGFpZ24lM0RKT1QlMjUyME5PJTI1MjBDb250cm9sJTI1MjAyMDIyJTI2bXRtX3NvdXJjZSUzRFdlYnNpdGUlMjUyQyUyNTIwTmV3c2xldHRlcnx0YXJnZXQ6X2JsYW5rIn0sIjIzNTZfaSI6eyJzaW5nbGVfbGluayI6InVybDpodHRwcyUzQSUyRiUyRnd3dy5pbmR1c3RyLmNvbSUyRmRlJTJGQS11bmQtRC1NYWdhemluJTJGfHRhcmdldDpfYmxhbmsifSwiMjM2Ml9pIjp7InNpbmdsZV9saW5rIjoidXJsOmh0dHBzJTNBJTJGJTJGd3d3LmluZ2VuaWV1ci5kZSUyRmZhY2htZWRpZW4lMkZ2ZGkteiUyRnx0YXJnZXQ6X2JsYW5rIn0sIjIzNjZfaSI6eyJzaW5nbGVfbGluayI6InVybDpodHRwcyUzQSUyRiUyRnd3dy53aWxleWluZHVzdHJ5bmV3cy5jb20lMkZpbnNwZWN0fHRhcmdldDpfYmxhbmsifSwiMjM1OF9pIjp7InNpbmdsZV9saW5rIjoidXJsOmh0dHBzJTNBJTJGJTJGd3d3LmltdmV1cm9wZS5jb20lMkZ8dGFyZ2V0Ol9ibGFuayJ9LCIzNDExX2kiOnsic2luZ2xlX2xpbmsiOiJ1cmw6aHR0cHMlM0ElMkYlMkZ3d3cuYi11bmQtaS5kZSUyRnx0YXJnZXQ6X2JsYW5rIn0sIjM0MDlfaSI6eyJzaW5nbGVfbGluayI6InVybDpodHRwcyUzQSUyRiUyRnd3dy50ZWNuZWxhYi5pdCUyRnJpdmlzdGUlMkZ8dGFyZ2V0Ol9ibGFuayJ9LCIzNDA3X2kiOnsic2luZ2xlX2xpbmsiOiJ1cmw6aHR0cHMlM0ElMkYlMkZyb2JvdGlrLXByb2R1a3Rpb24uZGUlMkZ8dGFyZ2V0Ol9ibGFuayJ9LCIzNDA1X2kiOnsic2luZ2xlX2xpbmsiOiJ1cmw6aHR0cHMlM0ElMkYlMkZxdWFsaXR5LWVuZ2luZWVyaW5nLmluZHVzdHJpZS5kZSUyRnx0YXJnZXQ6X2JsYW5rIn0sIjM0MDNfaSI6eyJzaW5nbGVfbGluayI6InVybDpodHRwcyUzQSUyRiUyRnd3dy50ZWNuZWxhYi5pdCUyRnJpdmlzdGUlMkZ8dGFyZ2V0Ol9ibGFuayJ9LCIzNDAxX2kiOnsic2luZ2xlX2xpbmsiOiJ1cmw6aHR0cHMlM0ElMkYlMkZkaW1hLW1hZ2F6aW4uY29tJTJGfHRhcmdldDpfYmxhbmsifSwiMzM5OV9pIjp7InNpbmdsZV9saW5rIjoidXJsOmh0dHBzJTNBJTJGJTJGd3d3LnB1YmxpdGVjb25saW5lLml0JTJGY29udHJvbGxvZW1pc3VyYSUyRnx0YXJnZXQ6X2JsYW5rIn0sIjM1NDRfaSI6eyJzaW5nbGVfbGluayI6InVybDpodHRwcyUzQSUyRiUyRndlcmt6ZXVnLXRlY2huaWsuY29tJTJGfHRhcmdldDpfYmxhbmsifSwiMzU0Nl9pIjp7InNpbmdsZV9saW5rIjoidXJsOmh0dHBzJTNBJTJGJTJGd3d3LnF1YWxpdHltYWcuY29tJTJGfHRhcmdldDpfYmxhbmsifSwiMzU1MF9pIjp7InNpbmdsZV9saW5rIjoidXJsOmh0dHBzJTNBJTJGJTJGd3d3Lm0tcS5jaCUyRmRlJTJGfHRhcmdldDpfYmxhbmsifSwiMzU1Ml9pIjp7InNpbmdsZV9saW5rIjoidXJsOmh0dHBzJTNBJTJGJTJGbXBrLmZlbGNobmVyLW1lZGllbi5kZSUyRnx0YXJnZXQ6X2JsYW5rIn0sIjM1NTRfaSI6eyJzaW5nbGVfbGluayI6InVybDpodHRwcyUzQSUyRiUyRnd3dy5rZS1uZXh0LmRlJTJGfHRhcmdldDpfYmxhbmsifSwiMzU1Nl9pIjp7InNpbmdsZV9saW5rIjoidXJsOmh0dHBzJTNBJTJGJTJGd3d3Lm1hc2NoaW5lbmJhdS1zY2h3ZWl6LmNoJTJGfHRhcmdldDpfYmxhbmsifSwiMzU1OF9pIjp7InNpbmdsZV9saW5rIjoidXJsOmh0dHBzJTNBJTJGJTJGd3d3Lm1hY2hpbmVzcHJvZHVjdGlvbi5mciUyRnx0YXJnZXQ6X2JsYW5rIn0sIjM1NjBfaSI6eyJzaW5nbGVfbGluayI6InVybDpodHRwcyUzQSUyRiUyRnd3dy5hdXRvbWF0aW9uLmF0JTJGfHRhcmdldDpfYmxhbmsifSwiMzU4MV9pIjp7InNpbmdsZV9saW5rIjoidXJsOmh0dHBzJTNBJTJGJTJGcHJvZGVuZ2luZWVyLmV1JTJGfHRhcmdldDpfYmxhbmsifSwiMzU4M19pIjp7InNpbmdsZV9saW5rIjoidXJsOmh0dHBzJTNBJTJGJTJGd3d3LndpbGV5aW5kdXN0cnluZXdzLmNvbSUyRmluc3BlY3R8dGFyZ2V0Ol9ibGFuayJ9LCIzNTg5X2kiOnsic2luZ2xlX2xpbmsiOiJ1cmw6aHR0cHMlM0ElMkYlMkZ3d3cudGVjaG5pay1tZWRpZW4uYXQlMkZ8dGFyZ2V0Ol9ibGFuayJ9LCIzNTk4X2kiOnsic2luZ2xlX2xpbmsiOiJ1cmw6aHR0cHMlM0ElMkYlMkZ3d3cucGhvdG9uaWNzLmNvbSUyRlN1YnNjcmlwdGlvbnMlMkZTdWJzY3JpYmUuYXNweCUzRnV0bV9zb3VyY2UlM0RDb250cm9sJTJCMjAyMyUyNnV0bV9tZWRpdW0lM0RCYW5uZXIlMjZ1dG1fY2FtcGFpZ24lM0RTdWJzY3JpcHRpb258dGFyZ2V0Ol9ibGFuayJ9LCIzNTk2X2kiOnsic2luZ2xlX2xpbmsiOiJ1cmw6aHR0cHMlM0ElMkYlMkZ3d3cuaW5nZW5pZXVyLmRlJTJGZmFjaG1lZGl1bSUyRm5ld3NsZXR0ZXItYW5tZWxkdW5nJTJGfHRhcmdldDpfYmxhbmsifSwiNDU0Ml9pIjp7InNpbmdsZV9saW5rIjoidXJsOmh0dHBzJTNBJTJGJTJGd3d3LnN3aXNzLW1hY2hpbmluZy5jaCUyRm1hY2hpbmluZy1hbmQtbWFudWZhY3R1cmluZy1jb21wYW5pZXMlMkZ8dGFyZ2V0Ol9ibGFuayJ9LCI0NTUxX2kiOnsic2luZ2xlX2xpbmsiOiJ1cmw6aHR0cHMlM0ElMkYlMkZ3d3cucGhvdG9uaWNzLmNvbSUyRlN1YnNjcmlwdGlvbnMlMkZTdWJzY3JpYmUuYXNweCUzRnV0bV9zb3VyY2UlM0RPcHRhdGVjJTJCMjAyNCUyNnV0bV9tZWRpdW0lM0RCYW5uZXIlMjZ1dG1fY2FtcGFpZ24lM0RTdWJzY3JpcHRpb258dGFyZ2V0Ol9ibGFuayJ9LCI0NTQ5X2kiOnsic2luZ2xlX2xpbmsiOiJ1cmw6aHR0cHMlM0ElMkYlMkZ3d3cucGhvdG9uaWNzLmNvbSUyRkRlZmF1bHQuYXNweCUzRlBJRCUzRDIxfHRhcmdldDpfYmxhbmsifSwiNDU3OF9pIjp7InNpbmdsZV9saW5rIjoidXJsOmh0dHBzJTNBJTJGJTJGd3d3Lm5kdC5uZXQlMkZpbmRleC5waHB8dGFyZ2V0Ol9ibGFuayJ9LCI0NTgwX2kiOnsic2luZ2xlX2xpbmsiOiJ1cmw6aHR0cHMlM0ElMkYlMkZ3d3cuYmVhbS12ZXJsYWcuZGUlMkZ8dGFyZ2V0Ol9ibGFuayJ9LCI0NjUyX2kiOnsic2luZ2xlX2xpbmsiOiJ1cmw6aHR0cHMlM0ElMkYlMkZ3d3cubWFudWZhY3R1cmluZy1xdWFsaXR5LmNvbSUyRnx0YXJnZXQ6X2JsYW5rIn0sIjQ3MDRfaSI6eyJzaW5nbGVfbGluayI6InVybDpodHRwcyUzQSUyRiUyRnd3dy5kaWdpdGFsLW1hbnVmYWN0dXJpbmctbWFnYXppbi5kZSUyRnx0YXJnZXQ6X2JsYW5rIn0sIjQ3MDZfaSI6eyJzaW5nbGVfbGluayI6InVybDpodHRwcyUzQSUyRiUyRnd3dy5kaWdpdGFsLWVuZ2luZWVyaW5nLW1hZ2F6aW4uZGUlMkZ8dGFyZ2V0Ol9ibGFuayJ9LCI1MjI5X2kiOnsic2luZ2xlX2xpbmsiOiJ1cmw6aHR0cHMlM0ElMkYlMkZ3d3cudmVycGFja3VuZ3MtaW5kdXN0cmllLmNoJTJGfHRhcmdldDpfYmxhbmsifSwiNTIzMV9pIjp7InNpbmdsZV9saW5rIjoidXJsOmh0dHBzJTNBJTJGJTJGd3d3Lm1lbS1pbm5vdmF0aW9uLmNoJTJGfHRhcmdldDpfYmxhbmsifSwiNTIzM19pIjp7InNpbmdsZV9saW5rIjoidXJsOmh0dHBzJTNBJTJGJTJGd3d3LmNoZW1pZXBoYXJtYS1pbm5vdmF0aW9uLmNoJTJGfHRhcmdldDpfYmxhbmsifSwiNTMxNF9pIjp7InNpbmdsZV9saW5rIjoidXJsOmh0dHBzJTNBJTJGJTJGd3d3LnRhaXdhbnRyYWRlLmNvbSUyRmhvbWUuaHRtbHx0YXJnZXQ6X2JsYW5rfHJlbDpub2ZvbGxvdyJ9LCI1NDA2X2kiOnsic2luZ2xlX2xpbmsiOiJ1cmw6aHR0cHMlM0ElMkYlMkZ3d3cucXotb25saW5lLmRlJTJGfHRhcmdldDpfYmxhbmt8cmVsOm5vZm9sbG93In0sIjU0ODRfaSI6eyJzaW5nbGVfbGluayI6InVybDpodHRwcyUzQSUyRiUyRnd3dy5tYXNjaGluZW5tYXJrdC5jaCUyRnx0YXJnZXQ6X2JsYW5rfHJlbDpub2ZvbGxvdyJ9LCI1NDgyX2kiOnsic2luZ2xlX2xpbmsiOiJ1cmw6aHR0cHMlM0ElMkYlMkZ3d3cuYWt0dWVsbGUtdGVjaG5pay5jaCUyRnx0YXJnZXQ6X2JsYW5rfHJlbDpub2ZvbGxvdyJ9LCI1NDgwX2kiOnsic2luZ2xlX2xpbmsiOiJ1cmw6aHR0cHMlM0ElMkYlMkZ3d3cuZWxla3Ryb3RlY2huaWsudm9nZWwuZGUlMkZ8dGFyZ2V0Ol9ibGFua3xyZWw6bm9mb2xsb3cifSwiNjY5X2kiOnsic2luZ2xlX2xpbmsiOiJ1cmw6aHR0cHMlM0ElMkYlMkZ3d3cudGVkby12ZXJsYWcuZGUlMkZ8dGFyZ2V0Ol9ibGFuayJ9LCI2NzFfaSI6eyJzaW5nbGVfbGluayI6InVybDpodHRwcyUzQSUyRiUyRnNjaGx1ZXRlcnNjaGUuZGUlMkZ8dGFyZ2V0Ol9ibGFuayJ9LCI2NzRfaSI6eyJzaW5nbGVfbGluayI6InVybDpodHRwcyUzQSUyRiUyRmludmlzaW9uLW5ld3MuZGUlMkZ8dGFyZ2V0Ol9ibGFuayJ9LCI5NjFfaSI6eyJzaW5nbGVfbGluayI6InVybDpodHRwcyUzQSUyRiUyRnd3dy50YWl3YW50cmFkZS5jb20lMkZob21lLmh0bWx8dGFyZ2V0Ol9ibGFua3xyZWw6bm9mb2xsb3cifSwiOTg5X2kiOnsic2luZ2xlX2xpbmsiOiJ1cmw6aHR0cHMlM0ElMkYlMkZ3aWxleWluZHVzdHJ5bmV3cy5jb20lMkZkZXx0YXJnZXQ6X2JsYW5rfHJlbDpub2ZvbGxvdyJ9LCIxMDM5X2kiOnsic2luZ2xlX2xpbmsiOiJ1cmw6aHR0cHMlM0ElMkYlMkZ3d3cua29uc3RydWt0aW9uLWluZHVzdHJpZS5jb20lMkZ8dGFyZ2V0Ol9ibGFua3xyZWw6bm9mb2xsb3cifSwiMTAzN19pIjp7InNpbmdsZV9saW5rIjoidXJsOmh0dHBzJTNBJTJGJTJGcXVhbGl0eS1lbmdpbmVlcmluZy5pbmR1c3RyaWUuZGUlMkZ8dGFyZ2V0Ol9ibGFua3xyZWw6bm9mb2xsb3cifSwiMTA0MV9pIjp7InNpbmdsZV9saW5rIjoidXJsOmh0dHBzJTNBJTJGJTJGd3d3LnN3aXNzLW1hY2hpbmluZy5jaCUyRnx0YXJnZXQ6X2JsYW5rfHJlbDpub2ZvbGxvdyJ9LCIxMDUyX2kiOnsic2luZ2xlX2xpbmsiOiJ1cmw6aHR0cHMlM0ElMkYlMkZ3d3cuaW5kdXN0ci5jb20lMkZkZSUyRkEtdW5kLUQtTWFnYXppbiUyRnx0YXJnZXQ6X2JsYW5rfHJlbDpub2ZvbGxvdyJ9LCIxMDU0X2kiOnsic2luZ2xlX2xpbmsiOiJ1cmw6aHR0cHMlM0ElMkYlMkZ3d3cuY2hlbWllcGhhcm1hLWlubm92YXRpb24uY2glMkZ8dGFyZ2V0Ol9ibGFua3xyZWw6bm9mb2xsb3cifSwiMTA1Nl9pIjp7InNpbmdsZV9saW5rIjoidXJsOmh0dHBzJTNBJTJGJTJGd3d3Lm1lbS1pbm5vdmF0aW9uLmNoJTJGfHRhcmdldDpfYmxhbmt8cmVsOm5vZm9sbG93In0sIjEwNTBfaSI6eyJzaW5nbGVfbGluayI6InVybDpodHRwcyUzQSUyRiUyRnd3dy52ZXJwYWNrdW5ncy1pbmR1c3RyaWUuY2glMkZ8dGFyZ2V0Ol9ibGFua3xyZWw6bm9mb2xsb3cifSwiMTExOF9pIjp7InNpbmdsZV9saW5rIjoidXJsOmh0dHBzJTNBJTJGJTJGd2lsZXlpbmR1c3RyeW5ld3MuY29tJTJGZGV8dGFyZ2V0Ol9ibGFua3xyZWw6bm9mb2xsb3cifX0=&#8220;][\/vc_column][\/vc_row]<\/p>\n<\/div>","protected":false},"excerpt":{"rendered":"<p>[vc_row row_height_percent=&#8220;35&#8243; back_image=&#8220;690&#8243; overlay_alpha=&#8220;50&#8243; gutter_size=&#8220;3&#8243; column_width_percent=&#8220;100&#8243; shift_y=&#8220;0&#8243; z_index=&#8220;0&#8243; content_parallax=&#8220;0&#8243; uncode_shortcode_id=&#8220;703693&#8243; row_height_pixel=&#8220;120&#8243;][vc_column width=&#8220;1\/1&#8243;][\/vc_column][\/vc_row][vc_row row_height_percent=&#8220;0&#8243; override_padding=&#8220;yes&#8220; h_padding=&#8220;2&#8243; top_padding=&#8220;2&#8243; bottom_padding=&#8220;0&#8243; overlay_alpha=&#8220;50&#8243; equal_height=&#8220;yes&#8220; gutter_size=&#8220;3&#8243; [&hellip;]<\/p>\n","protected":false},"author":1,"featured_media":0,"parent":0,"menu_order":0,"comment_status":"closed","ping_status":"closed","template":"","meta":{"footnotes":""},"class_list":["post-31","page","type-page","status-publish","hentry"],"_links":{"self":[{"href":"https:\/\/www.control-messe.de\/control-expertdays\/wp-json\/wp\/v2\/pages\/31","targetHints":{"allow":["GET"]}}],"collection":[{"href":"https:\/\/www.control-messe.de\/control-expertdays\/wp-json\/wp\/v2\/pages"}],"about":[{"href":"https:\/\/www.control-messe.de\/control-expertdays\/wp-json\/wp\/v2\/types\/page"}],"author":[{"embeddable":true,"href":"https:\/\/www.control-messe.de\/control-expertdays\/wp-json\/wp\/v2\/users\/1"}],"replies":[{"embeddable":true,"href":"https:\/\/www.control-messe.de\/control-expertdays\/wp-json\/wp\/v2\/comments?post=31"}],"version-history":[{"count":21,"href":"https:\/\/www.control-messe.de\/control-expertdays\/wp-json\/wp\/v2\/pages\/31\/revisions"}],"predecessor-version":[{"id":1120,"href":"https:\/\/www.control-messe.de\/control-expertdays\/wp-json\/wp\/v2\/pages\/31\/revisions\/1120"}],"wp:attachment":[{"href":"https:\/\/www.control-messe.de\/control-expertdays\/wp-json\/wp\/v2\/media?parent=31"}],"curies":[{"name":"wp","href":"https:\/\/api.w.org\/{rel}","templated":true}]}}