{"id":94,"date":"2025-06-17T22:09:58","date_gmt":"2025-06-17T20:09:58","guid":{"rendered":"https:\/\/www.control-messe.de\/control-expertdays\/?page_id=94"},"modified":"2025-08-29T16:51:14","modified_gmt":"2025-08-29T14:51:14","slug":"jobboerse","status":"publish","type":"page","link":"https:\/\/www.control-messe.de\/control-expertdays\/jobboerse\/","title":{"rendered":"Jobb\u00f6rse"},"content":{"rendered":"<div class=\"wpb-content-wrapper\"><p>[vc_row row_height_percent=&#8220;35&#8243; back_image=&#8220;143&#8243; back_position=&#8220;center top&#8220; overlay_alpha=&#8220;50&#8243; gutter_size=&#8220;3&#8243; column_width_percent=&#8220;100&#8243; shift_y=&#8220;0&#8243; z_index=&#8220;0&#8243; content_parallax=&#8220;0&#8243; uncode_shortcode_id=&#8220;202158&#8243; row_height_pixel=&#8220;120&#8243;][vc_column width=&#8220;1\/1&#8243;][\/vc_column][\/vc_row][vc_row row_height_percent=&#8220;0&#8243; override_padding=&#8220;yes&#8220; h_padding=&#8220;2&#8243; top_padding=&#8220;2&#8243; bottom_padding=&#8220;2&#8243; overlay_alpha=&#8220;50&#8243; gutter_size=&#8220;3&#8243; column_width_percent=&#8220;100&#8243; shift_y=&#8220;0&#8243; z_index=&#8220;0&#8243; uncode_shortcode_id=&#8220;171273&#8243;][vc_column column_width_percent=&#8220;100&#8243; gutter_size=&#8220;2&#8243; overlay_alpha=&#8220;50&#8243; shift_x=&#8220;0&#8243; shift_y=&#8220;0&#8243; shift_y_down=&#8220;0&#8243; z_index=&#8220;0&#8243; medium_width=&#8220;0&#8243; mobile_width=&#8220;0&#8243; width=&#8220;1\/1&#8243; uncode_shortcode_id=&#8220;199754&#8243;][vc_custom_heading auto_text=&#8220;yes&#8220; heading_semantic=&#8220;h1&#8243; text_size=&#8220;h1&#8243; uncode_shortcode_id=&#8220;508863&#8243;][\/vc_custom_heading][vc_column_text text_lead=&#8220;yes&#8220; uncode_shortcode_id=&#8220;200123&#8243;]Die ausstellenden Unternehmen pr\u00e4sentieren sich auf dem Expertentreffen auch als Employer Brand und kommunizieren hier in der Control-Expert Days Jobb\u00f6rse aktuell verf\u00fcgbare Stellenangebote. Hier finden Sie aktuelle Stellenangebote unserer Aussteller. Suche innerhalb der Jobbezeichnung als auch beim Firmennamen.[\/vc_column_text][\/vc_column][\/vc_row][vc_row row_height_percent=&#8220;0&#8243; override_padding=&#8220;yes&#8220; h_padding=&#8220;2&#8243; top_padding=&#8220;0&#8243; bottom_padding=&#8220;2&#8243; overlay_alpha=&#8220;50&#8243; gutter_size=&#8220;3&#8243; column_width_percent=&#8220;100&#8243; shift_y=&#8220;0&#8243; z_index=&#8220;0&#8243; uncode_shortcode_id=&#8220;183169&#8243;][vc_column column_width_percent=&#8220;100&#8243; gutter_size=&#8220;3&#8243; overlay_alpha=&#8220;50&#8243; shift_x=&#8220;0&#8243; shift_y=&#8220;0&#8243; shift_y_down=&#8220;0&#8243; z_index=&#8220;0&#8243; medium_width=&#8220;0&#8243; mobile_width=&#8220;0&#8243; sticky=&#8220;yes&#8220; width=&#8220;5\/12&#8243; uncode_shortcode_id=&#8220;233748&#8243; el_class=&#8220;jobboerse-filter&#8220;]<a class=\"button\" style=\"display:none;\" id=\"ausstellerverzeichniss_filter_del\" onclick=\"ausstellerverzeichniss_filter_del();\">Alle Filter l\u00f6schen<i class=\"fa-solid fa-delete-left\"><\/i><\/a><div id=\"schall-kein-filter\"><\/div><a class=\"button filteroptionen\" onclick=\"toggleFilter(this);\">Filteroptionen einblenden<i class=\"fa-solid fa-filter\"><\/i><\/a><div class=\"filter \" id=\"\" ><div class=\"fsearch\">\t<input type=\"search\" id=\"newssearch\" name=\"newssearch\" value='' placeholder=\"Jobs durchsuchen... \"><i class=\"fa fa-search3\"><\/i><\/div><script>jQuery(\"#newssearch\").keyup(function(event) {\n\t\t\tif (event.keyCode === 13) {\n\t\t\t\tdoSearchOBS(this.value);\n\t\t\t}\n\t\t\t});\n\t\t\tjQuery(\"#newssearch\").next().click(function () {\n\t\t\t\tvar s = jQuery(\"#newssearch\").val();\n\n\t\t\t\tdoSearchOBS(s);\n\t\t\t\t\n\t\t\t});\n\t\t\tfunction doSearchOBS(value){\n\t\t\t\tconst url = new URL(window.location);\n\t\t\t\tif(value==\"\"){\n\t\t\t\t\turl.searchParams.delete(\"sTxt\");\n\t\t\t\t}else{\n\t\t\t\t\turl.searchParams.set(\"sTxt\", value);\n\t\t\t\t}\n\t\t\t\t\n\t\t\t\twindow.history.pushState({}, \"\", url);\n\t\t\t\twindow.history.go();\n\t\t\t}\n\t\t\t<\/script><div class=\"produkteleistungen\"><b>Produkte & Leistungen<\/b><\/div><div class=\"nomenklatur\" > <ul class=\"filter-accordion\"><\/ul><\/div><div class=\"hall\"><b>Messehalle<\/b><div><fieldset class=\"filterset\"><ul class=\"filterset-list\"><li class=\"filterset-item\" onclick=\"selectHalle(event, '9')\" > 9<\/li><\/ul><\/fieldset><\/div><\/div><div class=\"filterland\"><label for=\"country\">Land<\/label><select name=\"country\" id=\"country\" onchange=\"selectLand(event,this)\"><option value=\"00\">Land ausw\u00e4hlen<\/option><option value=\"47\">China<\/option><option value=\"56\">Deutschland<\/option><option value=\"109\">Italien<\/option><option value=\"163\">Niederlande<\/option><option value=\"13\">\u00d6sterreich<\/option><option value=\"219\">T\u00fcrkei<\/option><\/select><\/div><\/div>[\/vc_column][vc_column column_width_percent=&#8220;100&#8243; gutter_size=&#8220;3&#8243; overlay_alpha=&#8220;50&#8243; shift_x=&#8220;0&#8243; shift_y=&#8220;0&#8243; shift_y_down=&#8220;0&#8243; z_index=&#8220;0&#8243; medium_width=&#8220;0&#8243; mobile_width=&#8220;0&#8243; width=&#8220;7\/12&#8243; uncode_shortcode_id=&#8220;952251&#8243;]<div class=\"jobboerse \" id=\"\" ><div id=\"modalContainer\" \">\n  <!-- Modal content -->\n  <div class=\"modal_content\">\n    <span class=\"closeModal\">&times;<\/span>\n\t<div id=\"modal_content\"> \n\t<\/div>\n  <\/div>\n<\/div>Keine Jobs wurden gefunden<\/div>[\/vc_column][\/vc_row]<\/p>\n<\/div>","protected":false},"excerpt":{"rendered":"<p>[vc_row row_height_percent=&#8220;35&#8243; back_image=&#8220;143&#8243; back_position=&#8220;center top&#8220; overlay_alpha=&#8220;50&#8243; gutter_size=&#8220;3&#8243; column_width_percent=&#8220;100&#8243; shift_y=&#8220;0&#8243; z_index=&#8220;0&#8243; content_parallax=&#8220;0&#8243; uncode_shortcode_id=&#8220;202158&#8243; row_height_pixel=&#8220;120&#8243;][vc_column width=&#8220;1\/1&#8243;][\/vc_column][\/vc_row][vc_row row_height_percent=&#8220;0&#8243; override_padding=&#8220;yes&#8220; h_padding=&#8220;2&#8243; top_padding=&#8220;2&#8243; bottom_padding=&#8220;2&#8243; overlay_alpha=&#8220;50&#8243; [&hellip;]<\/p>\n","protected":false},"author":1,"featured_media":0,"parent":0,"menu_order":0,"comment_status":"closed","ping_status":"closed","template":"","meta":{"footnotes":""},"class_list":["post-94","page","type-page","status-publish","hentry"],"_links":{"self":[{"href":"https:\/\/www.control-messe.de\/control-expertdays\/wp-json\/wp\/v2\/pages\/94","targetHints":{"allow":["GET"]}}],"collection":[{"href":"https:\/\/www.control-messe.de\/control-expertdays\/wp-json\/wp\/v2\/pages"}],"about":[{"href":"https:\/\/www.control-messe.de\/control-expertdays\/wp-json\/wp\/v2\/types\/page"}],"author":[{"embeddable":true,"href":"https:\/\/www.control-messe.de\/control-expertdays\/wp-json\/wp\/v2\/users\/1"}],"replies":[{"embeddable":true,"href":"https:\/\/www.control-messe.de\/control-expertdays\/wp-json\/wp\/v2\/comments?post=94"}],"version-history":[{"count":6,"href":"https:\/\/www.control-messe.de\/control-expertdays\/wp-json\/wp\/v2\/pages\/94\/revisions"}],"predecessor-version":[{"id":733,"href":"https:\/\/www.control-messe.de\/control-expertdays\/wp-json\/wp\/v2\/pages\/94\/revisions\/733"}],"wp:attachment":[{"href":"https:\/\/www.control-messe.de\/control-expertdays\/wp-json\/wp\/v2\/media?parent=94"}],"curies":[{"name":"wp","href":"https:\/\/api.w.org\/{rel}","templated":true}]}}